{"id":109,"date":"2023-04-27T10:34:14","date_gmt":"2023-04-27T08:34:14","guid":{"rendered":"http:\/\/multiresa.net\/site\/?page_id=109"},"modified":"2023-06-14T11:08:10","modified_gmt":"2023-06-14T09:08:10","slug":"beaute-bien-etre","status":"publish","type":"page","link":"https:\/\/multiresa.net\/site\/beaute-bien-etre\/","title":{"rendered":"Beaut\u00e9\/Bien-\u00eatre"},"content":{"rendered":"\t\t<div data-elementor-type=\"wp-page\" data-elementor-id=\"109\" class=\"elementor elementor-109\">\n\t\t\t\t\t\t\t\t\t<section class=\"elementor-section elementor-top-section elementor-element elementor-element-5644c043 elementor-section-boxed elementor-section-height-default elementor-section-height-default\" data-id=\"5644c043\" data-element_type=\"section\">\n\t\t\t\t\t\t<div class=\"elementor-container elementor-column-gap-default\">\n\t\t\t\t\t<div class=\"elementor-column elementor-col-100 elementor-top-column elementor-element elementor-element-69fcb4c3\" data-id=\"69fcb4c3\" data-element_type=\"column\">\n\t\t\t<div class=\"elementor-widget-wrap elementor-element-populated\">\n\t\t\t\t\t\t\t\t<div class=\"elementor-element elementor-element-54d60065 elementor-widget elementor-widget-text-editor\" data-id=\"54d60065\" data-element_type=\"widget\" data-widget_type=\"text-editor.default\">\n\t\t\t\t<div class=\"elementor-widget-container\">\n\t\t\t<style>\/*! elementor - v3.12.2 - 23-04-2023 *\/\n.elementor-widget-text-editor.elementor-drop-cap-view-stacked .elementor-drop-cap{background-color:#69727d;color:#fff}.elementor-widget-text-editor.elementor-drop-cap-view-framed .elementor-drop-cap{color:#69727d;border:3px solid;background-color:transparent}.elementor-widget-text-editor:not(.elementor-drop-cap-view-default) .elementor-drop-cap{margin-top:8px}.elementor-widget-text-editor:not(.elementor-drop-cap-view-default) .elementor-drop-cap-letter{width:1em;height:1em}.elementor-widget-text-editor .elementor-drop-cap{float:left;text-align:center;line-height:1;font-size:50px}.elementor-widget-text-editor .elementor-drop-cap-letter{display:inline-block}<\/style>\t\t\t\t<p><!-- wp:paragraph --><\/p>\n<p><strong>Vous \u00eates coiffeur\/coiffeuse, esth\u00e9ticienne, proth\u00e9siste ongulaire, tatoueur\/tatoueuse ? Vous travaillez seul(e) ou \u00e0 plusieurs dans un institut\/salon ?<\/strong><br \/><strong>MultiResa vous propose un agenda en ligne, pour vous, vos coll\u00e8gues et vos clients, afin de g\u00e9rer facilement et efficacement votre planning, vos rendez-vous professionnels, votre suivi et communications avec vos clients avec de nombreuses options comme le rappel automatique par Email ou SMS<\/strong><\/p>\n<p><strong>\u00a0<\/strong><\/p>\n<p><!-- \/wp:paragraph --><\/p>\t\t\t\t\t\t<\/div>\n\t\t\t\t<\/div>\n\t\t\t\t\t<\/div>\n\t\t<\/div>\n\t\t\t\t\t\t\t<\/div>\n\t\t<\/section>\n\t\t\t\t<section class=\"elementor-section elementor-top-section elementor-element elementor-element-f5652d0 elementor-section-boxed elementor-section-height-default elementor-section-height-default\" data-id=\"f5652d0\" data-element_type=\"section\">\n\t\t\t\t\t\t<div class=\"elementor-container elementor-column-gap-default\">\n\t\t\t\t\t<div class=\"elementor-column elementor-col-33 elementor-top-column elementor-element elementor-element-525265d\" data-id=\"525265d\" data-element_type=\"column\">\n\t\t\t<div class=\"elementor-widget-wrap elementor-element-populated\">\n\t\t\t\t\t\t\t\t<div class=\"elementor-element elementor-element-13ad806 elementor-widget elementor-widget-image\" data-id=\"13ad806\" data-element_type=\"widget\" data-widget_type=\"image.default\">\n\t\t\t\t<div class=\"elementor-widget-container\">\n\t\t\t<style>\/*! elementor - v3.12.2 - 23-04-2023 *\/\n.elementor-widget-image{text-align:center}.elementor-widget-image a{display:inline-block}.elementor-widget-image a img[src$=\".svg\"]{width:48px}.elementor-widget-image img{vertical-align:middle;display:inline-block}<\/style>\t\t\t\t\t\t\t\t\t\t\t\t<img loading=\"lazy\" decoding=\"async\" width=\"350\" height=\"211\" src=\"https:\/\/multiresa.net\/site\/wp-content\/uploads\/2023\/04\/presentation-sante-1-2.png\" class=\"attachment-large size-large wp-image-159\" alt=\"\" srcset=\"https:\/\/multiresa.net\/site\/wp-content\/uploads\/2023\/04\/presentation-sante-1-2.png 350w, https:\/\/multiresa.net\/site\/wp-content\/uploads\/2023\/04\/presentation-sante-1-2-300x181.png 300w\" sizes=\"auto, (max-width: 350px) 100vw, 350px\" \/>\t\t\t\t\t\t\t\t\t\t\t\t\t\t\t<\/div>\n\t\t\t\t<\/div>\n\t\t\t\t\t<\/div>\n\t\t<\/div>\n\t\t\t\t<div class=\"elementor-column elementor-col-33 elementor-top-column elementor-element elementor-element-b93a48f\" data-id=\"b93a48f\" data-element_type=\"column\">\n\t\t\t<div class=\"elementor-widget-wrap elementor-element-populated\">\n\t\t\t\t\t\t\t\t<div class=\"elementor-element elementor-element-c9d54ef elementor-widget elementor-widget-image\" data-id=\"c9d54ef\" data-element_type=\"widget\" data-widget_type=\"image.default\">\n\t\t\t\t<div class=\"elementor-widget-container\">\n\t\t\t\t\t\t\t\t\t\t\t\t\t\t\t<img loading=\"lazy\" decoding=\"async\" width=\"350\" height=\"211\" src=\"https:\/\/multiresa.net\/site\/wp-content\/uploads\/2023\/04\/presentation-sante-2.png\" class=\"attachment-large size-large wp-image-153\" alt=\"\" srcset=\"https:\/\/multiresa.net\/site\/wp-content\/uploads\/2023\/04\/presentation-sante-2.png 350w, https:\/\/multiresa.net\/site\/wp-content\/uploads\/2023\/04\/presentation-sante-2-300x181.png 300w\" sizes=\"auto, (max-width: 350px) 100vw, 350px\" \/>\t\t\t\t\t\t\t\t\t\t\t\t\t\t\t<\/div>\n\t\t\t\t<\/div>\n\t\t\t\t\t<\/div>\n\t\t<\/div>\n\t\t\t\t<div class=\"elementor-column elementor-col-33 elementor-top-column elementor-element elementor-element-a311540\" data-id=\"a311540\" data-element_type=\"column\">\n\t\t\t<div class=\"elementor-widget-wrap elementor-element-populated\">\n\t\t\t\t\t\t\t\t<div class=\"elementor-element elementor-element-547908e elementor-widget elementor-widget-image\" data-id=\"547908e\" data-element_type=\"widget\" data-widget_type=\"image.default\">\n\t\t\t\t<div class=\"elementor-widget-container\">\n\t\t\t\t\t\t\t\t\t\t\t\t\t\t\t<img loading=\"lazy\" decoding=\"async\" width=\"350\" height=\"211\" src=\"https:\/\/multiresa.net\/site\/wp-content\/uploads\/2023\/04\/presentation-sante-3.png\" class=\"attachment-large size-large wp-image-161\" alt=\"\" srcset=\"https:\/\/multiresa.net\/site\/wp-content\/uploads\/2023\/04\/presentation-sante-3.png 350w, https:\/\/multiresa.net\/site\/wp-content\/uploads\/2023\/04\/presentation-sante-3-300x181.png 300w\" sizes=\"auto, (max-width: 350px) 100vw, 350px\" \/>\t\t\t\t\t\t\t\t\t\t\t\t\t\t\t<\/div>\n\t\t\t\t<\/div>\n\t\t\t\t\t<\/div>\n\t\t<\/div>\n\t\t\t\t\t\t\t<\/div>\n\t\t<\/section>\n\t\t\t\t<section class=\"elementor-section elementor-top-section elementor-element elementor-element-5bccf15 elementor-section-boxed elementor-section-height-default elementor-section-height-default\" data-id=\"5bccf15\" data-element_type=\"section\">\n\t\t\t\t\t\t<div class=\"elementor-container elementor-column-gap-default\">\n\t\t\t\t\t<div class=\"elementor-column elementor-col-33 elementor-top-column elementor-element elementor-element-6362e0d\" data-id=\"6362e0d\" data-element_type=\"column\">\n\t\t\t<div class=\"elementor-widget-wrap elementor-element-populated\">\n\t\t\t\t\t\t\t\t<div class=\"elementor-element elementor-element-6054ca6 elementor-widget elementor-widget-text-editor\" data-id=\"6054ca6\" data-element_type=\"widget\" data-widget_type=\"text-editor.default\">\n\t\t\t\t<div class=\"elementor-widget-container\">\n\t\t\t\t\t\t\t<p>Gestion graphique de vos plannings en mode quotidien, hebdomadaire ou mensuel<\/p>\t\t\t\t\t\t<\/div>\n\t\t\t\t<\/div>\n\t\t\t\t\t<\/div>\n\t\t<\/div>\n\t\t\t\t<div class=\"elementor-column elementor-col-33 elementor-top-column elementor-element elementor-element-1c453c2\" data-id=\"1c453c2\" data-element_type=\"column\">\n\t\t\t<div class=\"elementor-widget-wrap elementor-element-populated\">\n\t\t\t\t\t\t\t\t<div class=\"elementor-element elementor-element-5202431 elementor-widget elementor-widget-text-editor\" data-id=\"5202431\" data-element_type=\"widget\" data-widget_type=\"text-editor.default\">\n\t\t\t\t<div class=\"elementor-widget-container\">\n\t\t\t\t\t\t\t<p>Listing chronologique de vos rendez-vous avec options de tri et recherches et actions associ\u00e9es<\/p>\t\t\t\t\t\t<\/div>\n\t\t\t\t<\/div>\n\t\t\t\t\t<\/div>\n\t\t<\/div>\n\t\t\t\t<div class=\"elementor-column elementor-col-33 elementor-top-column elementor-element elementor-element-c797d4c\" data-id=\"c797d4c\" data-element_type=\"column\">\n\t\t\t<div class=\"elementor-widget-wrap elementor-element-populated\">\n\t\t\t\t\t\t\t\t<div class=\"elementor-element elementor-element-59d4fa7 elementor-widget elementor-widget-text-editor\" data-id=\"59d4fa7\" data-element_type=\"widget\" data-widget_type=\"text-editor.default\">\n\t\t\t\t<div class=\"elementor-widget-container\">\n\t\t\t\t\t\t\t<p>Fiche client, historique des rendez-vous et documents PDF, liens d&rsquo;envoi email ou SMS<\/p>\t\t\t\t\t\t<\/div>\n\t\t\t\t<\/div>\n\t\t\t\t\t<\/div>\n\t\t<\/div>\n\t\t\t\t\t\t\t<\/div>\n\t\t<\/section>\n\t\t\t\t<section class=\"elementor-section elementor-top-section elementor-element elementor-element-817b169 elementor-section-boxed elementor-section-height-default elementor-section-height-default\" data-id=\"817b169\" data-element_type=\"section\">\n\t\t\t\t\t\t<div class=\"elementor-container elementor-column-gap-default\">\n\t\t\t\t\t<div class=\"elementor-column elementor-col-100 elementor-top-column elementor-element elementor-element-fc0ff43\" data-id=\"fc0ff43\" data-element_type=\"column\">\n\t\t\t<div class=\"elementor-widget-wrap elementor-element-populated\">\n\t\t\t\t\t\t\t\t<div class=\"elementor-element elementor-element-3422835 elementor-widget elementor-widget-text-editor\" data-id=\"3422835\" data-element_type=\"widget\" data-widget_type=\"text-editor.default\">\n\t\t\t\t<div class=\"elementor-widget-container\">\n\t\t\t\t\t\t\t<h2 class=\"elementor-heading-title elementor-size-default elementor-inline-editing pen\" style=\"font-variant-ligatures: normal; font-variant-caps: normal; font-family: var( --e-global-typography-primary-font-family ), Sans-serif; font-style: normal; font-weight: var( --e-global-typography-primary-font-weight ); color: var( --e-global-color-primary );\" data-elementor-setting-key=\"title\" data-pen-placeholder=\"\u00c9crivez ici...\">\u00a0<\/h2>\n<h2 style=\"margin-bottom: 0px; padding-right: 25px; padding-left: 25px; font-variant-ligatures: normal; font-variant-caps: normal; line-height: 1.2em; font-family: Geneva, Arial, Helvetica, sans-serif; font-size: 1.4em; font-style: normal; font-weight: 500; color: #e99a03; text-align: center;\">Fonctionnalit\u00e9s<\/h2>\n<div>\u00a0<\/div>\t\t\t\t\t\t<\/div>\n\t\t\t\t<\/div>\n\t\t\t\t\t<\/div>\n\t\t<\/div>\n\t\t\t\t\t\t\t<\/div>\n\t\t<\/section>\n\t\t\t\t<section class=\"elementor-section elementor-top-section elementor-element elementor-element-b94f17d elementor-section-boxed elementor-section-height-default elementor-section-height-default\" data-id=\"b94f17d\" data-element_type=\"section\">\n\t\t\t\t\t\t<div class=\"elementor-container elementor-column-gap-default\">\n\t\t\t\t\t<div class=\"elementor-column elementor-col-50 elementor-top-column elementor-element elementor-element-1f99f72\" data-id=\"1f99f72\" data-element_type=\"column\">\n\t\t\t<div class=\"elementor-widget-wrap\">\n\t\t\t\t\t\t\t\t\t<\/div>\n\t\t<\/div>\n\t\t\t\t<div class=\"elementor-column elementor-col-50 elementor-top-column elementor-element elementor-element-4d0e0f0\" data-id=\"4d0e0f0\" data-element_type=\"column\">\n\t\t\t<div class=\"elementor-widget-wrap elementor-element-populated\">\n\t\t\t\t\t\t\t\t<div class=\"elementor-element elementor-element-a3a2707 elementor-widget__width-initial elementor-widget elementor-widget-text-editor\" data-id=\"a3a2707\" data-element_type=\"widget\" data-widget_type=\"text-editor.default\">\n\t\t\t\t<div class=\"elementor-widget-container\">\n\t\t\t\t\t\t\t<ul style=\"font-variant-ligatures: normal; font-variant-caps: normal; font-family: Roboto, sans-serif; font-size: 14px; font-style: normal; font-weight: 400;\">\n<li style=\"font-size: 14px;\">Acc\u00e8s s\u00e9curis\u00e9 en mode Secr\u00e9tariat (tous les plannings), en mode Prestataire et en mode Client<\/li>\n<li style=\"font-size: 14px;\">Saisie de vos rendez-vous par simple \u00ab\u00a0gliss\u00e9-d\u00e9pos\u00e9\u00a0\u00bb \u00e0 la souris et s\u00e9lection du client<\/li>\n<li style=\"font-size: 14px;\">D\u00e9placement, changement de la dur\u00e9e ou suppression d\u2019un rendez-vous par simple action de la souris<\/li>\n<li style=\"font-size: 14px;\">Ajouter un commentaire, annuler, supprimer ou marquer comme absent un rendez-vous par simple clic<\/li>\n<li style=\"font-size: 14px;\">Affichage des rendez-vous par prestation ou par prestataire<\/li>\n<li style=\"font-size: 14px;\">Affichage des propositions intelligentes de rendez-vous pour faciliter la prise de rendez-vous en direct<\/li>\n<li style=\"font-size: 14px;\">Choix d\u2019une ou plusieurs prestations d\u2019un coup (selon param\u00e9trage)<\/li>\n<li style=\"font-size: 14px;\">D\u00e9termination automatique du prestataire habilit\u00e9 selon choix des prestations par le client<\/li>\n<li style=\"font-size: 14px;\">Prise en compte des temps de pr\u00e9paration et rangement entre deux prestations (selon param\u00e9trage)<\/li>\n<li style=\"font-size: 14px;\">Consultation et saisie de la fiche client par simple clic, comprenant :<br \/>\n<ul style=\"font-size: 14px;\">\n<li style=\"font-size: 14px;\">Coordonn\u00e9es du client (nom, adresse, date naissance, email t\u00e9l\u00e9phone etc.)<\/li>\n<li style=\"font-size: 14px;\">Historique des rendez-vous (date, prestataire, prestations, commentaires, absences etc.)<\/li>\n<\/ul>\n<\/li>\n<li style=\"font-size: 14px;\">Listing chronologique des rendez-vous \u00ab\u00a0au jour le jour\u00a0\u00bb avec crit\u00e8res de tri et de recherche (date, nom, t\u00e9l\u00e9phone etc.)<\/li>\n<li style=\"font-size: 14px;\">Listing des clients avec acc\u00e8s direct aux coordonn\u00e9es et envoi direct d\u2019email ou de SMS par simple clic<\/li>\n<li style=\"font-size: 14px;\">Rappel automatique des rendez-vous aux clients et\/ou aux prestataires par email ou SMS selon param\u00e9trage<\/li>\n<li style=\"font-size: 14px;\">Administration compl\u00e8te de votre compte comprenant :<br \/>\n<ul style=\"font-size: 14px;\">\n<li style=\"font-size: 14px;\">Edition des coordonn\u00e9es du prestataire\/institut (nom, adresse, email t\u00e9l\u00e9phone etc.)<\/li>\n<li style=\"font-size: 14px;\">Choix des param\u00e8tres g\u00e9n\u00e9raux comprenant :<br \/>\n<ul style=\"font-size: 14px;\">\n<li style=\"font-size: 14px;\">Partage ou non des plannings entre coll\u00e8gues<\/li>\n<li style=\"font-size: 14px;\">Partage ou non des informations et documents clients entre coll\u00e8gues<\/li>\n<li style=\"font-size: 14px;\">Affichage ou non des tarifs des prestations et du total d\u2019un rendez-vous<\/li>\n<li style=\"font-size: 14px;\">Type d\u2019affichage des prestations pour cr\u00e9ation rendez-vous : bouton ou liste d\u00e9roulante<\/li>\n<li style=\"font-size: 14px;\">Autoriser ou non le choix de plusieurs prestations pour un rendez-vous<\/li>\n<li style=\"font-size: 14px;\">Autoriser ou non une prise de rendez-vous hors planning<\/li>\n<\/ul>\n<\/li>\n<li style=\"font-size: 14px;\">Edition, cr\u00e9ation et suppression de clients avec leurs codes d\u2019acc\u00e8s au site MultiResa<\/li>\n<li style=\"font-size: 14px;\">Edition, cr\u00e9ation et suppression des cat\u00e9gories de prestations et des sp\u00e9cialit\u00e9s des prestataires pour faciliter affichage et classement<\/li>\n<li style=\"font-size: 14px;\">Edition, cr\u00e9ation et suppression des prestations comprenant :<br \/>\n<ul style=\"font-size: 14px;\">\n<li style=\"font-size: 14px;\">Nom et description<\/li>\n<li style=\"font-size: 14px;\">Couleur d\u2019affichage de la prestation sur le planning<\/li>\n<li style=\"font-size: 14px;\">Type d\u2019acc\u00e8s pour r\u00e9servation (public ou visible par le prestataire uniquement)<\/li>\n<li style=\"font-size: 14px;\">Dur\u00e9e approximative et tarif<\/li>\n<li style=\"font-size: 14px;\">Temps de pr\u00e9paration et de rangement<\/li>\n<li style=\"font-size: 14px;\">Liste des prestataires abilit\u00e9s \u00e0 effectuer cette prestation<\/li>\n<\/ul>\n<\/li>\n<\/ul>\n<\/li>\n<\/ul>\t\t\t\t\t\t<\/div>\n\t\t\t\t<\/div>\n\t\t\t\t\t<\/div>\n\t\t<\/div>\n\t\t\t\t\t\t\t<\/div>\n\t\t<\/section>\n\t\t\t\t<section class=\"elementor-section elementor-top-section elementor-element elementor-element-739f500 elementor-section-boxed elementor-section-height-default elementor-section-height-default\" data-id=\"739f500\" data-element_type=\"section\">\n\t\t\t\t\t\t<div class=\"elementor-container elementor-column-gap-default\">\n\t\t\t\t\t<div class=\"elementor-column elementor-col-100 elementor-top-column elementor-element elementor-element-5ab45cf\" data-id=\"5ab45cf\" data-element_type=\"column\">\n\t\t\t<div class=\"elementor-widget-wrap elementor-element-populated\">\n\t\t\t\t\t\t\t\t<section class=\"elementor-section elementor-inner-section elementor-element elementor-element-ea33af1 elementor-section-boxed elementor-section-height-default elementor-section-height-default\" data-id=\"ea33af1\" data-element_type=\"section\">\n\t\t\t\t\t\t<div class=\"elementor-container elementor-column-gap-default\">\n\t\t\t\t\t<div class=\"elementor-column elementor-col-50 elementor-inner-column elementor-element elementor-element-f3c4ee1\" data-id=\"f3c4ee1\" data-element_type=\"column\">\n\t\t\t<div class=\"elementor-widget-wrap elementor-element-populated\">\n\t\t\t\t\t\t\t\t<div class=\"elementor-element elementor-element-d379d5a elementor-widget elementor-widget-text-editor\" data-id=\"d379d5a\" data-element_type=\"widget\" data-widget_type=\"text-editor.default\">\n\t\t\t\t<div class=\"elementor-widget-container\">\n\t\t\t\t\t\t\t<p style=\"text-align: center;\"><a style=\"font-variant-ligatures: normal; font-variant-caps: normal; font-family: Roboto, sans-serif; font-size: 14px; font-style: normal; font-weight: 400; background-color: #ffffff; text-align: center;\" href=\"http:\/\/multiresa.net\/site\/formules-tarifs\/\">Voir les tarifs<\/a><\/p>\t\t\t\t\t\t<\/div>\n\t\t\t\t<\/div>\n\t\t\t\t\t<\/div>\n\t\t<\/div>\n\t\t\t\t<div class=\"elementor-column elementor-col-50 elementor-inner-column elementor-element elementor-element-c1cae7c\" data-id=\"c1cae7c\" data-element_type=\"column\">\n\t\t\t<div class=\"elementor-widget-wrap elementor-element-populated\">\n\t\t\t\t\t\t\t\t<div class=\"elementor-element elementor-element-3e337e6 elementor-widget elementor-widget-text-editor\" data-id=\"3e337e6\" data-element_type=\"widget\" data-widget_type=\"text-editor.default\">\n\t\t\t\t<div class=\"elementor-widget-container\">\n\t\t\t\t\t\t\t<p><a href=\"https:\/\/www.multiresa.net\/agenda\/cab\/institut\/resa-prise_rdv.html\">Voir la d\u00e9mo en ligne<\/a><\/p>\t\t\t\t\t\t<\/div>\n\t\t\t\t<\/div>\n\t\t\t\t\t<\/div>\n\t\t<\/div>\n\t\t\t\t\t\t\t<\/div>\n\t\t<\/section>\n\t\t\t\t<div class=\"elementor-element elementor-element-038c9fd elementor-widget elementor-widget-text-editor\" data-id=\"038c9fd\" data-element_type=\"widget\" data-widget_type=\"text-editor.default\">\n\t\t\t\t<div class=\"elementor-widget-container\">\n\t\t\t\t\t\t\t\t\t\t\t\t\t<\/div>\n\t\t\t\t<\/div>\n\t\t\t\t\t<\/div>\n\t\t<\/div>\n\t\t\t\t\t\t\t<\/div>\n\t\t<\/section>\n\t\t\t\t<section class=\"elementor-section elementor-top-section elementor-element elementor-element-cf4e7df elementor-section-boxed elementor-section-height-default elementor-section-height-default\" data-id=\"cf4e7df\" data-element_type=\"section\">\n\t\t\t\t\t\t<div class=\"elementor-container elementor-column-gap-default\">\n\t\t\t\t\t<div class=\"elementor-column elementor-col-100 elementor-top-column elementor-element elementor-element-3d76036\" data-id=\"3d76036\" data-element_type=\"column\">\n\t\t\t<div class=\"elementor-widget-wrap elementor-element-populated\">\n\t\t\t\t\t\t\t\t<div class=\"elementor-element elementor-element-b5a4021 elementor-widget elementor-widget-text-editor\" data-id=\"b5a4021\" data-element_type=\"widget\" data-widget_type=\"text-editor.default\">\n\t\t\t\t<div class=\"elementor-widget-container\">\n\t\t\t\t\t\t\t<p style=\"text-align: center;\"><a style=\"font-variant-ligatures: normal; font-variant-caps: normal; font-family: Roboto, sans-serif; font-size: 14px; font-style: normal; font-weight: 400; background-color: #ffffff; text-align: center;\" href=\"http:\/\/multiresa.net\/site\/contact\/\">Contact<\/a><span style=\"font-family: Roboto, sans-serif; font-size: 14px; font-style: normal; font-variant-ligatures: normal; font-variant-caps: normal; font-weight: 400; text-align: center;\">\u00a0 \u00a0<\/span><a style=\"font-variant-ligatures: normal; font-variant-caps: normal; font-family: Roboto, sans-serif; font-size: 14px; font-style: normal; font-weight: 400; background-color: #ffffff; text-align: center;\" href=\"http:\/\/multiresa.net\/site\/mention-legal\/\">Mentions l\u00e9gales<\/a><\/p>\t\t\t\t\t\t<\/div>\n\t\t\t\t<\/div>\n\t\t\t\t\t<\/div>\n\t\t<\/div>\n\t\t\t\t\t\t\t<\/div>\n\t\t<\/section>\n\t\t\t\t\t\t\t<\/div>\n\t\t","protected":false},"excerpt":{"rendered":"<p>Vous \u00eates coiffeur\/coiffeuse, esth\u00e9ticienne, proth\u00e9siste ongulaire, tatoueur\/tatoueuse ? Vous travaillez seul(e) ou \u00e0 plusieurs dans un institut\/salon ?MultiResa vous propose un agenda en ligne, pour vous, vos coll\u00e8gues et vos clients, afin de g\u00e9rer facilement et efficacement votre planning, vos rendez-vous professionnels, votre suivi et communications avec vos clients avec de nombreuses options comme le [&hellip;]<\/p>\n","protected":false},"author":1,"featured_media":0,"parent":0,"menu_order":0,"comment_status":"closed","ping_status":"closed","template":"","meta":{"footnotes":""},"class_list":["post-109","page","type-page","status-publish","hentry","entry"],"_links":{"self":[{"href":"https:\/\/multiresa.net\/site\/wp-json\/wp\/v2\/pages\/109","targetHints":{"allow":["GET"]}}],"collection":[{"href":"https:\/\/multiresa.net\/site\/wp-json\/wp\/v2\/pages"}],"about":[{"href":"https:\/\/multiresa.net\/site\/wp-json\/wp\/v2\/types\/page"}],"author":[{"embeddable":true,"href":"https:\/\/multiresa.net\/site\/wp-json\/wp\/v2\/users\/1"}],"replies":[{"embeddable":true,"href":"https:\/\/multiresa.net\/site\/wp-json\/wp\/v2\/comments?post=109"}],"version-history":[{"count":23,"href":"https:\/\/multiresa.net\/site\/wp-json\/wp\/v2\/pages\/109\/revisions"}],"predecessor-version":[{"id":504,"href":"https:\/\/multiresa.net\/site\/wp-json\/wp\/v2\/pages\/109\/revisions\/504"}],"wp:attachment":[{"href":"https:\/\/multiresa.net\/site\/wp-json\/wp\/v2\/media?parent=109"}],"curies":[{"name":"wp","href":"https:\/\/api.w.org\/{rel}","templated":true}]}}