{"id":107,"date":"2023-04-27T10:33:55","date_gmt":"2023-04-27T08:33:55","guid":{"rendered":"http:\/\/multiresa.net\/site\/?page_id=107"},"modified":"2023-06-14T11:11:57","modified_gmt":"2023-06-14T09:11:57","slug":"sante-medecine","status":"publish","type":"page","link":"https:\/\/multiresa.net\/site\/sante-medecine\/","title":{"rendered":"Sant\u00e9\/M\u00e9decine"},"content":{"rendered":"\t\t<div data-elementor-type=\"wp-page\" data-elementor-id=\"107\" class=\"elementor elementor-107\">\n\t\t\t\t\t\t\t\t\t<section class=\"elementor-section elementor-top-section elementor-element elementor-element-5ce1b3cd elementor-section-boxed elementor-section-height-default elementor-section-height-default\" data-id=\"5ce1b3cd\" data-element_type=\"section\">\n\t\t\t\t\t\t<div class=\"elementor-container elementor-column-gap-default\">\n\t\t\t\t\t<div class=\"elementor-column elementor-col-100 elementor-top-column elementor-element elementor-element-13d1f544\" data-id=\"13d1f544\" data-element_type=\"column\">\n\t\t\t<div class=\"elementor-widget-wrap elementor-element-populated\">\n\t\t\t\t\t\t\t\t<div class=\"elementor-element elementor-element-461fd803 elementor-widget elementor-widget-text-editor\" data-id=\"461fd803\" data-element_type=\"widget\" data-widget_type=\"text-editor.default\">\n\t\t\t\t<div class=\"elementor-widget-container\">\n\t\t\t<style>\/*! elementor - v3.12.2 - 23-04-2023 *\/\n.elementor-widget-text-editor.elementor-drop-cap-view-stacked .elementor-drop-cap{background-color:#69727d;color:#fff}.elementor-widget-text-editor.elementor-drop-cap-view-framed .elementor-drop-cap{color:#69727d;border:3px solid;background-color:transparent}.elementor-widget-text-editor:not(.elementor-drop-cap-view-default) .elementor-drop-cap{margin-top:8px}.elementor-widget-text-editor:not(.elementor-drop-cap-view-default) .elementor-drop-cap-letter{width:1em;height:1em}.elementor-widget-text-editor .elementor-drop-cap{float:left;text-align:center;line-height:1;font-size:50px}.elementor-widget-text-editor .elementor-drop-cap-letter{display:inline-block}<\/style>\t\t\t\t<p><!-- wp:paragraph --><\/p>\n<p><strong>Vous \u00eates m\u00e9decin, dentiste, ost\u00e9opathe, kin\u00e9sith\u00e9rapeute, dermatologue, hom\u00e9opathe etc ? Vous travaillez seul ou \u00e0 plusieurs dans un cabinet ?<br>MultiResa vous propose un agenda en ligne, pour vous, vos coll\u00e8gues et vos patients, afin de g\u00e9rer facilement et efficacement votre planning, vos rendez-vous professionnels, votre suivi et communications avec vos patients avec de nombreuses options comme le rappel automatique par Email ou SMS.<\/strong><\/p>\n<p><!-- \/wp:list-item --><\/p>\n<p><!-- \/wp:list --><\/p>\n<p><!-- wp:paragraph --><\/p>\n<p><!-- \/wp:paragraph --><\/p>\n<p><!-- wp:paragraph {\"align\":\"center\"} --><\/p>\n<p class=\"has-text-align-center\">\n<\/p><p><!-- \/wp:paragraph --><\/p>\t\t\t\t\t\t<\/div>\n\t\t\t\t<\/div>\n\t\t\t\t\t<\/div>\n\t\t<\/div>\n\t\t\t\t\t\t\t<\/div>\n\t\t<\/section>\n\t\t\t\t<section class=\"elementor-section elementor-top-section elementor-element elementor-element-7cdaf9f elementor-section-boxed elementor-section-height-default elementor-section-height-default\" data-id=\"7cdaf9f\" data-element_type=\"section\">\n\t\t\t\t\t\t<div class=\"elementor-container elementor-column-gap-default\">\n\t\t\t\t\t<div class=\"elementor-column elementor-col-33 elementor-top-column elementor-element elementor-element-856dc34\" data-id=\"856dc34\" data-element_type=\"column\">\n\t\t\t<div class=\"elementor-widget-wrap elementor-element-populated\">\n\t\t\t\t\t\t\t\t<div class=\"elementor-element elementor-element-f543d3e elementor-widget elementor-widget-image\" data-id=\"f543d3e\" data-element_type=\"widget\" data-widget_type=\"image.default\">\n\t\t\t\t<div class=\"elementor-widget-container\">\n\t\t\t<style>\/*! elementor - v3.12.2 - 23-04-2023 *\/\n.elementor-widget-image{text-align:center}.elementor-widget-image a{display:inline-block}.elementor-widget-image a img[src$=\".svg\"]{width:48px}.elementor-widget-image img{vertical-align:middle;display:inline-block}<\/style>\t\t\t\t\t\t\t\t\t\t\t\t<img loading=\"lazy\" decoding=\"async\" width=\"350\" height=\"211\" src=\"https:\/\/multiresa.net\/site\/wp-content\/uploads\/2023\/04\/presentation-sante-1-2.png\" class=\"attachment-large size-large wp-image-159\" alt=\"\" srcset=\"https:\/\/multiresa.net\/site\/wp-content\/uploads\/2023\/04\/presentation-sante-1-2.png 350w, https:\/\/multiresa.net\/site\/wp-content\/uploads\/2023\/04\/presentation-sante-1-2-300x181.png 300w\" sizes=\"auto, (max-width: 350px) 100vw, 350px\" \/>\t\t\t\t\t\t\t\t\t\t\t\t\t\t\t<\/div>\n\t\t\t\t<\/div>\n\t\t\t\t\t<\/div>\n\t\t<\/div>\n\t\t\t\t<div class=\"elementor-column elementor-col-33 elementor-top-column elementor-element elementor-element-f31da87\" data-id=\"f31da87\" data-element_type=\"column\">\n\t\t\t<div class=\"elementor-widget-wrap elementor-element-populated\">\n\t\t\t\t\t\t\t\t<div class=\"elementor-element elementor-element-1732dc9 elementor-widget elementor-widget-image\" data-id=\"1732dc9\" data-element_type=\"widget\" data-widget_type=\"image.default\">\n\t\t\t\t<div class=\"elementor-widget-container\">\n\t\t\t\t\t\t\t\t\t\t\t\t\t\t\t<img loading=\"lazy\" decoding=\"async\" width=\"350\" height=\"211\" src=\"https:\/\/multiresa.net\/site\/wp-content\/uploads\/2023\/04\/presentation-sante-2-1.png\" class=\"attachment-large size-large wp-image-160\" alt=\"\" srcset=\"https:\/\/multiresa.net\/site\/wp-content\/uploads\/2023\/04\/presentation-sante-2-1.png 350w, https:\/\/multiresa.net\/site\/wp-content\/uploads\/2023\/04\/presentation-sante-2-1-300x181.png 300w\" sizes=\"auto, (max-width: 350px) 100vw, 350px\" \/>\t\t\t\t\t\t\t\t\t\t\t\t\t\t\t<\/div>\n\t\t\t\t<\/div>\n\t\t\t\t\t<\/div>\n\t\t<\/div>\n\t\t\t\t<div class=\"elementor-column elementor-col-33 elementor-top-column elementor-element elementor-element-1fc3889\" data-id=\"1fc3889\" data-element_type=\"column\">\n\t\t\t<div class=\"elementor-widget-wrap elementor-element-populated\">\n\t\t\t\t\t\t\t\t<div class=\"elementor-element elementor-element-84fa3e1 elementor-widget elementor-widget-image\" data-id=\"84fa3e1\" data-element_type=\"widget\" data-widget_type=\"image.default\">\n\t\t\t\t<div class=\"elementor-widget-container\">\n\t\t\t\t\t\t\t\t\t\t\t\t\t\t\t<img loading=\"lazy\" decoding=\"async\" width=\"350\" height=\"211\" src=\"https:\/\/multiresa.net\/site\/wp-content\/uploads\/2023\/04\/presentation-sante-3.png\" class=\"attachment-large size-large wp-image-161\" alt=\"\" srcset=\"https:\/\/multiresa.net\/site\/wp-content\/uploads\/2023\/04\/presentation-sante-3.png 350w, https:\/\/multiresa.net\/site\/wp-content\/uploads\/2023\/04\/presentation-sante-3-300x181.png 300w\" sizes=\"auto, (max-width: 350px) 100vw, 350px\" \/>\t\t\t\t\t\t\t\t\t\t\t\t\t\t\t<\/div>\n\t\t\t\t<\/div>\n\t\t\t\t\t<\/div>\n\t\t<\/div>\n\t\t\t\t\t\t\t<\/div>\n\t\t<\/section>\n\t\t\t\t<section class=\"elementor-section elementor-top-section elementor-element elementor-element-194113c elementor-section-boxed elementor-section-height-default elementor-section-height-default\" data-id=\"194113c\" data-element_type=\"section\">\n\t\t\t\t\t\t<div class=\"elementor-container elementor-column-gap-default\">\n\t\t\t\t\t<div class=\"elementor-column elementor-col-33 elementor-top-column elementor-element elementor-element-ecc67d9\" data-id=\"ecc67d9\" data-element_type=\"column\">\n\t\t\t<div class=\"elementor-widget-wrap elementor-element-populated\">\n\t\t\t\t\t\t\t\t<div class=\"elementor-element elementor-element-c4cae76 elementor-widget elementor-widget-text-editor\" data-id=\"c4cae76\" data-element_type=\"widget\" data-widget_type=\"text-editor.default\">\n\t\t\t\t<div class=\"elementor-widget-container\">\n\t\t\t\t\t\t\t<p>Gestion graphique de votre planning en mode quotidien, hebdomadaire ou mensuel<\/p>\t\t\t\t\t\t<\/div>\n\t\t\t\t<\/div>\n\t\t\t\t\t<\/div>\n\t\t<\/div>\n\t\t\t\t<div class=\"elementor-column elementor-col-33 elementor-top-column elementor-element elementor-element-a34510d\" data-id=\"a34510d\" data-element_type=\"column\">\n\t\t\t<div class=\"elementor-widget-wrap elementor-element-populated\">\n\t\t\t\t\t\t\t\t<div class=\"elementor-element elementor-element-e0884d0 elementor-widget elementor-widget-text-editor\" data-id=\"e0884d0\" data-element_type=\"widget\" data-widget_type=\"text-editor.default\">\n\t\t\t\t<div class=\"elementor-widget-container\">\n\t\t\t\t\t\t\t<p>Listing chronologique de vos rendez-vous avec options de tri et recherche et actions associ\u00e9es<\/p>\t\t\t\t\t\t<\/div>\n\t\t\t\t<\/div>\n\t\t\t\t\t<\/div>\n\t\t<\/div>\n\t\t\t\t<div class=\"elementor-column elementor-col-33 elementor-top-column elementor-element elementor-element-d92b986\" data-id=\"d92b986\" data-element_type=\"column\">\n\t\t\t<div class=\"elementor-widget-wrap elementor-element-populated\">\n\t\t\t\t\t\t\t\t<div class=\"elementor-element elementor-element-97070d1 elementor-widget elementor-widget-text-editor\" data-id=\"97070d1\" data-element_type=\"widget\" data-widget_type=\"text-editor.default\">\n\t\t\t\t<div class=\"elementor-widget-container\">\n\t\t\t\t\t\t\t<p>Fiche client d\u00e9taill\u00e9e, historique des rendez-vous et documents PDF, liens d&rsquo;envoi email ou SMS<\/p>\t\t\t\t\t\t<\/div>\n\t\t\t\t<\/div>\n\t\t\t\t\t<\/div>\n\t\t<\/div>\n\t\t\t\t\t\t\t<\/div>\n\t\t<\/section>\n\t\t\t\t<section class=\"elementor-section elementor-top-section elementor-element elementor-element-2929429 elementor-section-boxed elementor-section-height-default elementor-section-height-default\" data-id=\"2929429\" data-element_type=\"section\">\n\t\t\t\t\t\t<div class=\"elementor-container elementor-column-gap-default\">\n\t\t\t\t\t<div class=\"elementor-column elementor-col-100 elementor-top-column elementor-element elementor-element-22e0210\" data-id=\"22e0210\" data-element_type=\"column\">\n\t\t\t<div class=\"elementor-widget-wrap elementor-element-populated\">\n\t\t\t\t\t\t\t\t<div class=\"elementor-element elementor-element-a73f46b elementor-widget elementor-widget-text-editor\" data-id=\"a73f46b\" data-element_type=\"widget\" data-widget_type=\"text-editor.default\">\n\t\t\t\t<div class=\"elementor-widget-container\">\n\t\t\t\t\t\t\t<h2 class=\"wp-block-heading has-text-align-center\" style=\"font-variant-ligatures: normal; font-variant-caps: normal; font-family: 'Open Sans', sans-serif; font-style: normal;\"><mark class=\"has-inline-color has-luminous-vivid-amber-color\" style=\"font-size: 20px; background-color: rgba(0, 0, 0, 0);\">Fonctionnalit\u00e9s<\/mark><\/h2>\t\t\t\t\t\t<\/div>\n\t\t\t\t<\/div>\n\t\t\t\t\t<\/div>\n\t\t<\/div>\n\t\t\t\t\t\t\t<\/div>\n\t\t<\/section>\n\t\t\t\t<section class=\"elementor-section elementor-top-section elementor-element elementor-element-2ccbf40 elementor-section-boxed elementor-section-height-default elementor-section-height-default\" data-id=\"2ccbf40\" data-element_type=\"section\">\n\t\t\t\t\t\t<div class=\"elementor-container elementor-column-gap-default\">\n\t\t\t\t\t<div class=\"elementor-column elementor-col-50 elementor-top-column elementor-element elementor-element-7fb7e1a\" data-id=\"7fb7e1a\" data-element_type=\"column\">\n\t\t\t<div class=\"elementor-widget-wrap\">\n\t\t\t\t\t\t\t\t\t<\/div>\n\t\t<\/div>\n\t\t\t\t<div class=\"elementor-column elementor-col-50 elementor-top-column elementor-element elementor-element-ea14b43\" data-id=\"ea14b43\" data-element_type=\"column\">\n\t\t\t<div class=\"elementor-widget-wrap elementor-element-populated\">\n\t\t\t\t\t\t\t\t<div class=\"elementor-element elementor-element-3d87558 elementor-widget__width-initial elementor-widget elementor-widget-text-editor\" data-id=\"3d87558\" data-element_type=\"widget\" data-widget_type=\"text-editor.default\">\n\t\t\t\t<div class=\"elementor-widget-container\">\n\t\t\t\t\t\t\t<ul style=\"font-variant-ligatures: normal; font-variant-caps: normal; font-family: 'Open Sans', sans-serif; font-size: 14px; font-style: normal; font-weight: 400; color: #4a4a4a;\">\n<li style=\"font-size: 14px;\">Acc\u00e8s s\u00e9curis\u00e9 en mode Secr\u00e9tariat (tous les plannings), en mode Praticien et en mode Patient<\/li>\n<li style=\"font-size: 14px;\">Saisie de vos rendez-vous par simple \u00ab\u00a0gliss\u00e9-d\u00e9pos\u00e9\u00a0\u00bb \u00e0 la souris et s\u00e9lection du patient<\/li>\n<li style=\"font-size: 14px;\">D\u00e9placement, changement de la dur\u00e9e ou suppression d\u2019un rendez-vous par simple action de la souris<\/li>\n<li style=\"font-size: 14px;\">Ajouter un commentaire, annuler, supprimer ou marquer comme absent un rendez-vous par simple clic<\/li>\n<li style=\"font-size: 14px;\">Affichage des rendez-vous par prestation ou par praticien<\/li>\n<li style=\"font-size: 14px;\">Affichage des propositions intelligentes de rendez-vous pour faciliter la prise de rendez-vous en direct<\/li>\n<li style=\"font-size: 14px;\">Choix d\u2019une ou plusieurs prestations d\u2019un coup (selon param\u00e9trage)<\/li>\n<li style=\"font-size: 14px;\">D\u00e9termination automatique du praticien habilit\u00e9 selon choix des prestations par le patient<\/li>\n<li style=\"font-size: 14px;\">Prise en compte des temps de pr\u00e9paration et rangement entre deux prestations (selon param\u00e9trage)<\/li>\n<li style=\"font-size: 14px;\">Consultation et saisie de la fiche client par simple clic, comprenant :\n<ul style=\"font-size: 14px;\">\n<li style=\"font-size: 14px;\">Coordonn\u00e9es du patient (nom, adresse, date naissance, email t\u00e9l\u00e9phone etc.)<\/li>\n<li style=\"font-size: 14px;\">Jusqu\u2019\u00e0 10 champs d\u2019infos compl\u00e9mentaires \u00e0 d\u00e9finir (comme Allergies ou Interventions chirurgicales par exemple)<\/li>\n<li style=\"font-size: 14px;\">Historique des rendez-vous (date, praticien, prestations, commentaires, absences etc.)<\/li>\n<li style=\"font-size: 14px;\">Cr\u00e9ation et listing des documents PDF associ\u00e9s tel que Note d\u2019honoraires, Ordonnance ou Scan radiographie par exemple<\/li>\n<\/ul>\n<\/li>\n<li style=\"font-size: 14px;\">Listing chronologique des rendez-vous \u00ab\u00a0au jour le jour\u00a0\u00bb avec crit\u00e8res de tri et de recherche (date, nom, t\u00e9l\u00e9phone etc.)<\/li>\n<li style=\"font-size: 14px;\">Listing des patients avec acc\u00e8s direct aux coordonn\u00e9es et envoi direct d\u2019email ou de SMS par simple clic<\/li>\n<li style=\"font-size: 14px;\">Rappel automatique des rendez-vous aux patients et\/ou aux praticiens par email ou SMS selon param\u00e9trage<\/li>\n<li style=\"font-size: 14px;\">Administration compl\u00e8te de votre compte comprenant :\n<ul style=\"font-size: 14px;\">\n<li style=\"font-size: 14px;\">Edition des coordonn\u00e9es du praticien\/cabinet (nom, adresse, email t\u00e9l\u00e9phone etc.)<\/li>\n<li style=\"font-size: 14px;\">Choix des param\u00e8tres g\u00e9n\u00e9raux comprenant :\n<ul style=\"font-size: 14px;\">\n<li style=\"font-size: 14px;\">Partage ou non des plannings entre coll\u00e8gues<\/li>\n<li style=\"font-size: 14px;\">Partage ou non des informations et documents patients entre coll\u00e8gues<\/li>\n<li style=\"font-size: 14px;\">Affichage ou non des tarifs des prestations et du total d\u2019un rendez-vous<\/li>\n<li style=\"font-size: 14px;\">Type d\u2019affichage des prestations pour cr\u00e9ation rendez-vous : bouton ou liste d\u00e9roulante<\/li>\n<li style=\"font-size: 14px;\">Autoriser ou non le choix de plusieurs prestations pour un rendez-vous<\/li>\n<li style=\"font-size: 14px;\">Autoriser ou non une prise de rendez-vous hors planning<\/li>\n<\/ul>\n<\/li>\n<li style=\"font-size: 14px;\">Edition, cr\u00e9ation et suppression de patients avec leurs codes d\u2019acc\u00e8s au site MultiResa<\/li>\n<li style=\"font-size: 14px;\">Edition, cr\u00e9ation et suppression des cat\u00e9gories de prestations et des sp\u00e9cialit\u00e9s des praticiens pour faciliter affichage et classement<\/li>\n<li style=\"font-size: 14px;\">Edition, cr\u00e9ation et suppression des prestations comprenant :\n<ul style=\"font-size: 14px;\">\n<li style=\"font-size: 14px;\">Nom et description<\/li>\n<li style=\"font-size: 14px;\">Couleur d\u2019affichage de la prestation sur le planning<\/li>\n<li style=\"font-size: 14px;\">Type d\u2019acc\u00e8s pour r\u00e9servation (public ou visible par le praticien uniquement)<\/li>\n<li style=\"font-size: 14px;\">Dur\u00e9e approximative et tarif<\/li>\n<li style=\"font-size: 14px;\">Temps de pr\u00e9paration et de rangement<\/li>\n<li style=\"font-size: 14px;\">Liste des praticiens abilit\u00e9s \u00e0 effectuer cette prestation<\/li>\n<\/ul>\n<\/li>\n<\/ul>\n<\/li>\n<\/ul>\t\t\t\t\t\t<\/div>\n\t\t\t\t<\/div>\n\t\t\t\t\t<\/div>\n\t\t<\/div>\n\t\t\t\t\t\t\t<\/div>\n\t\t<\/section>\n\t\t\t\t<section class=\"elementor-section elementor-top-section elementor-element elementor-element-25c7017 elementor-section-boxed elementor-section-height-default elementor-section-height-default\" data-id=\"25c7017\" data-element_type=\"section\">\n\t\t\t\t\t\t<div class=\"elementor-container elementor-column-gap-default\">\n\t\t\t\t\t<div class=\"elementor-column elementor-col-50 elementor-top-column elementor-element elementor-element-8fc55ac\" data-id=\"8fc55ac\" data-element_type=\"column\">\n\t\t\t<div class=\"elementor-widget-wrap elementor-element-populated\">\n\t\t\t\t\t\t\t\t<div class=\"elementor-element elementor-element-312cdfc elementor-widget elementor-widget-text-editor\" data-id=\"312cdfc\" data-element_type=\"widget\" data-widget_type=\"text-editor.default\">\n\t\t\t\t<div class=\"elementor-widget-container\">\n\t\t\t\t\t\t\t<p style=\"text-align: center;\"><a href=\"http:\/\/multiresa.net\/site\/formules-tarifs\/\">Voir les tarifs<\/a><\/p>\t\t\t\t\t\t<\/div>\n\t\t\t\t<\/div>\n\t\t\t\t\t<\/div>\n\t\t<\/div>\n\t\t\t\t<div class=\"elementor-column elementor-col-50 elementor-top-column elementor-element elementor-element-f10feb7\" data-id=\"f10feb7\" data-element_type=\"column\">\n\t\t\t<div class=\"elementor-widget-wrap elementor-element-populated\">\n\t\t\t\t\t\t\t\t<div class=\"elementor-element elementor-element-bae7fc3 elementor-widget elementor-widget-text-editor\" data-id=\"bae7fc3\" data-element_type=\"widget\" data-widget_type=\"text-editor.default\">\n\t\t\t\t<div class=\"elementor-widget-container\">\n\t\t\t\t\t\t\t<p style=\"text-align: center;\"><a href=\"https:\/\/www.multiresa.net\/agenda\/cab\/clinique\/resa-prise_rdv.html\">Voir la d\u00e9mo en ligne<\/a><\/p>\t\t\t\t\t\t<\/div>\n\t\t\t\t<\/div>\n\t\t\t\t\t<\/div>\n\t\t<\/div>\n\t\t\t\t\t\t\t<\/div>\n\t\t<\/section>\n\t\t\t\t<section class=\"elementor-section elementor-top-section elementor-element elementor-element-64c4872 elementor-section-boxed elementor-section-height-default elementor-section-height-default\" data-id=\"64c4872\" data-element_type=\"section\">\n\t\t\t\t\t\t<div class=\"elementor-container elementor-column-gap-default\">\n\t\t\t\t\t<div class=\"elementor-column elementor-col-100 elementor-top-column elementor-element elementor-element-94a4c5e\" data-id=\"94a4c5e\" data-element_type=\"column\">\n\t\t\t<div class=\"elementor-widget-wrap elementor-element-populated\">\n\t\t\t\t\t\t\t\t<div class=\"elementor-element elementor-element-f056a3e elementor-widget elementor-widget-text-editor\" data-id=\"f056a3e\" data-element_type=\"widget\" data-widget_type=\"text-editor.default\">\n\t\t\t\t<div class=\"elementor-widget-container\">\n\t\t\t\t\t\t\t<p style=\"text-align: center;\"><a href=\"http:\/\/multiresa.net\/site\/contact\/\">Contact<\/a>\u00a0 \u00a0<a href=\"http:\/\/multiresa.net\/site\/mention-legal\/\">Mentions l\u00e9gales \/ RGPD<\/a><\/p>\t\t\t\t\t\t<\/div>\n\t\t\t\t<\/div>\n\t\t\t\t\t<\/div>\n\t\t<\/div>\n\t\t\t\t\t\t\t<\/div>\n\t\t<\/section>\n\t\t\t\t\t\t\t<\/div>\n\t\t","protected":false},"excerpt":{"rendered":"<p>Vous \u00eates m\u00e9decin, dentiste, ost\u00e9opathe, kin\u00e9sith\u00e9rapeute, dermatologue, hom\u00e9opathe etc ? Vous travaillez seul ou \u00e0 plusieurs dans un cabinet ?MultiResa vous propose un agenda en ligne, pour vous, vos coll\u00e8gues et vos patients, afin de g\u00e9rer facilement et efficacement votre planning, vos rendez-vous professionnels, votre suivi et communications avec vos patients avec de nombreuses options [&hellip;]<\/p>\n","protected":false},"author":1,"featured_media":0,"parent":0,"menu_order":0,"comment_status":"closed","ping_status":"closed","template":"","meta":{"footnotes":""},"class_list":["post-107","page","type-page","status-publish","hentry","entry"],"_links":{"self":[{"href":"https:\/\/multiresa.net\/site\/wp-json\/wp\/v2\/pages\/107","targetHints":{"allow":["GET"]}}],"collection":[{"href":"https:\/\/multiresa.net\/site\/wp-json\/wp\/v2\/pages"}],"about":[{"href":"https:\/\/multiresa.net\/site\/wp-json\/wp\/v2\/types\/page"}],"author":[{"embeddable":true,"href":"https:\/\/multiresa.net\/site\/wp-json\/wp\/v2\/users\/1"}],"replies":[{"embeddable":true,"href":"https:\/\/multiresa.net\/site\/wp-json\/wp\/v2\/comments?post=107"}],"version-history":[{"count":13,"href":"https:\/\/multiresa.net\/site\/wp-json\/wp\/v2\/pages\/107\/revisions"}],"predecessor-version":[{"id":601,"href":"https:\/\/multiresa.net\/site\/wp-json\/wp\/v2\/pages\/107\/revisions\/601"}],"wp:attachment":[{"href":"https:\/\/multiresa.net\/site\/wp-json\/wp\/v2\/media?parent=107"}],"curies":[{"name":"wp","href":"https:\/\/api.w.org\/{rel}","templated":true}]}}