{"id":105,"date":"2023-04-27T10:32:54","date_gmt":"2023-04-27T08:32:54","guid":{"rendered":"http:\/\/multiresa.net\/site\/?page_id=105"},"modified":"2023-06-14T11:08:48","modified_gmt":"2023-06-14T09:08:48","slug":"club-de-sport-fitness","status":"publish","type":"page","link":"https:\/\/multiresa.net\/site\/club-de-sport-fitness\/","title":{"rendered":"Club de sport\/Fitness"},"content":{"rendered":"\t\t<div data-elementor-type=\"wp-page\" data-elementor-id=\"105\" class=\"elementor elementor-105\">\n\t\t\t\t\t\t\t\t\t<section class=\"elementor-section elementor-top-section elementor-element elementor-element-6c7316c elementor-section-boxed elementor-section-height-default elementor-section-height-default\" data-id=\"6c7316c\" data-element_type=\"section\">\n\t\t\t\t\t\t<div class=\"elementor-container elementor-column-gap-default\">\n\t\t\t\t\t<div class=\"elementor-column elementor-col-100 elementor-top-column elementor-element elementor-element-7b8f31f\" data-id=\"7b8f31f\" data-element_type=\"column\">\n\t\t\t<div class=\"elementor-widget-wrap elementor-element-populated\">\n\t\t\t\t\t\t\t\t<div class=\"elementor-element elementor-element-7a97a58 elementor-widget elementor-widget-text-editor\" data-id=\"7a97a58\" data-element_type=\"widget\" data-widget_type=\"text-editor.default\">\n\t\t\t\t<div class=\"elementor-widget-container\">\n\t\t\t<style>\/*! elementor - v3.12.2 - 23-04-2023 *\/\n.elementor-widget-text-editor.elementor-drop-cap-view-stacked .elementor-drop-cap{background-color:#69727d;color:#fff}.elementor-widget-text-editor.elementor-drop-cap-view-framed .elementor-drop-cap{color:#69727d;border:3px solid;background-color:transparent}.elementor-widget-text-editor:not(.elementor-drop-cap-view-default) .elementor-drop-cap{margin-top:8px}.elementor-widget-text-editor:not(.elementor-drop-cap-view-default) .elementor-drop-cap-letter{width:1em;height:1em}.elementor-widget-text-editor .elementor-drop-cap{float:left;text-align:center;line-height:1;font-size:50px}.elementor-widget-text-editor .elementor-drop-cap-letter{display:inline-block}<\/style>\t\t\t\t<p><span style=\"font-variant-ligatures: normal; font-variant-caps: normal; font-family: Roboto, sans-serif; font-size: 14px; font-style: normal; font-weight: 600; text-align: center;\">Vous g\u00e9rez un club de sport, club de remise en forme ou de fitness, un golf, club de tennis ou squash ? Vous offrez \u00e0 vos membres une seule ou plusieurs types d&rsquo;activit\u00e9s ? MultiResa vous propose un agenda en ligne, pour votre club et vos membres, afin de g\u00e9rer facilement et efficacement votre planning et vos r\u00e9servations pour chaque activit\u00e9 propos\u00e9e avec de nombreuses options comme le rappel automatique par Email ou SMS<\/span><\/p>\t\t\t\t\t\t<\/div>\n\t\t\t\t<\/div>\n\t\t\t\t\t<\/div>\n\t\t<\/div>\n\t\t\t\t\t\t\t<\/div>\n\t\t<\/section>\n\t\t\t\t<section class=\"elementor-section elementor-top-section elementor-element elementor-element-70ad21e elementor-section-boxed elementor-section-height-default elementor-section-height-default\" data-id=\"70ad21e\" data-element_type=\"section\">\n\t\t\t\t\t\t<div class=\"elementor-container elementor-column-gap-default\">\n\t\t\t\t\t<div class=\"elementor-column elementor-col-33 elementor-top-column elementor-element elementor-element-80aacff\" data-id=\"80aacff\" data-element_type=\"column\">\n\t\t\t<div class=\"elementor-widget-wrap elementor-element-populated\">\n\t\t\t\t\t\t\t\t<div class=\"elementor-element elementor-element-53d8c43 elementor-widget elementor-widget-image\" data-id=\"53d8c43\" data-element_type=\"widget\" data-widget_type=\"image.default\">\n\t\t\t\t<div class=\"elementor-widget-container\">\n\t\t\t<style>\/*! elementor - v3.12.2 - 23-04-2023 *\/\n.elementor-widget-image{text-align:center}.elementor-widget-image a{display:inline-block}.elementor-widget-image a img[src$=\".svg\"]{width:48px}.elementor-widget-image img{vertical-align:middle;display:inline-block}<\/style>\t\t\t\t\t\t\t\t\t\t\t\t<img loading=\"lazy\" decoding=\"async\" width=\"350\" height=\"211\" src=\"https:\/\/multiresa.net\/site\/wp-content\/uploads\/2023\/05\/presentation-sport-1.png\" class=\"attachment-large size-large wp-image-179\" alt=\"\" srcset=\"https:\/\/multiresa.net\/site\/wp-content\/uploads\/2023\/05\/presentation-sport-1.png 350w, https:\/\/multiresa.net\/site\/wp-content\/uploads\/2023\/05\/presentation-sport-1-300x181.png 300w\" sizes=\"auto, (max-width: 350px) 100vw, 350px\" \/>\t\t\t\t\t\t\t\t\t\t\t\t\t\t\t<\/div>\n\t\t\t\t<\/div>\n\t\t\t\t\t<\/div>\n\t\t<\/div>\n\t\t\t\t<div class=\"elementor-column elementor-col-33 elementor-top-column elementor-element elementor-element-f2b39ab\" data-id=\"f2b39ab\" data-element_type=\"column\">\n\t\t\t<div class=\"elementor-widget-wrap elementor-element-populated\">\n\t\t\t\t\t\t\t\t<div class=\"elementor-element elementor-element-b0b9f23 elementor-widget elementor-widget-image\" data-id=\"b0b9f23\" data-element_type=\"widget\" data-widget_type=\"image.default\">\n\t\t\t\t<div class=\"elementor-widget-container\">\n\t\t\t\t\t\t\t\t\t\t\t\t\t\t\t<img loading=\"lazy\" decoding=\"async\" width=\"350\" height=\"211\" src=\"https:\/\/multiresa.net\/site\/wp-content\/uploads\/2023\/04\/presentation-sport-2-1.png\" class=\"attachment-large size-large wp-image-144\" alt=\"\" srcset=\"https:\/\/multiresa.net\/site\/wp-content\/uploads\/2023\/04\/presentation-sport-2-1.png 350w, https:\/\/multiresa.net\/site\/wp-content\/uploads\/2023\/04\/presentation-sport-2-1-300x181.png 300w\" sizes=\"auto, (max-width: 350px) 100vw, 350px\" \/>\t\t\t\t\t\t\t\t\t\t\t\t\t\t\t<\/div>\n\t\t\t\t<\/div>\n\t\t\t\t\t<\/div>\n\t\t<\/div>\n\t\t\t\t<div class=\"elementor-column elementor-col-33 elementor-top-column elementor-element elementor-element-95cd192\" data-id=\"95cd192\" data-element_type=\"column\">\n\t\t\t<div class=\"elementor-widget-wrap elementor-element-populated\">\n\t\t\t\t\t\t\t\t<div class=\"elementor-element elementor-element-6cfbc63 elementor-widget elementor-widget-image\" data-id=\"6cfbc63\" data-element_type=\"widget\" data-widget_type=\"image.default\">\n\t\t\t\t<div class=\"elementor-widget-container\">\n\t\t\t\t\t\t\t\t\t\t\t\t\t\t\t<img loading=\"lazy\" decoding=\"async\" width=\"350\" height=\"211\" src=\"https:\/\/multiresa.net\/site\/wp-content\/uploads\/2023\/05\/presentation-sport-3.png\" class=\"attachment-large size-large wp-image-181\" alt=\"\" srcset=\"https:\/\/multiresa.net\/site\/wp-content\/uploads\/2023\/05\/presentation-sport-3.png 350w, https:\/\/multiresa.net\/site\/wp-content\/uploads\/2023\/05\/presentation-sport-3-300x181.png 300w\" sizes=\"auto, (max-width: 350px) 100vw, 350px\" \/>\t\t\t\t\t\t\t\t\t\t\t\t\t\t\t<\/div>\n\t\t\t\t<\/div>\n\t\t\t\t\t<\/div>\n\t\t<\/div>\n\t\t\t\t\t\t\t<\/div>\n\t\t<\/section>\n\t\t\t\t<section class=\"elementor-section elementor-top-section elementor-element elementor-element-9751d53 elementor-section-boxed elementor-section-height-default elementor-section-height-default\" data-id=\"9751d53\" data-element_type=\"section\">\n\t\t\t\t\t\t<div class=\"elementor-container elementor-column-gap-default\">\n\t\t\t\t\t<div class=\"elementor-column elementor-col-33 elementor-top-column elementor-element elementor-element-70121f3\" data-id=\"70121f3\" data-element_type=\"column\">\n\t\t\t<div class=\"elementor-widget-wrap elementor-element-populated\">\n\t\t\t\t\t\t\t\t<div class=\"elementor-element elementor-element-05fe170 elementor-widget elementor-widget-text-editor\" data-id=\"05fe170\" data-element_type=\"widget\" data-widget_type=\"text-editor.default\">\n\t\t\t\t<div class=\"elementor-widget-container\">\n\t\t\t\t\t\t\t<p><span style=\"color: #333333; font-family: 'Helvetica Neue', Helvetica, Arial, sans-serif; font-size: 14px; font-style: normal; font-variant-ligatures: normal; font-variant-caps: normal; font-weight: bold; text-align: -webkit-center;\">Gestion graphique de votre planning en mode quotidien ou hebdomadaire<\/span><\/p>\t\t\t\t\t\t<\/div>\n\t\t\t\t<\/div>\n\t\t\t\t\t<\/div>\n\t\t<\/div>\n\t\t\t\t<div class=\"elementor-column elementor-col-33 elementor-top-column elementor-element elementor-element-57d8e44\" data-id=\"57d8e44\" data-element_type=\"column\">\n\t\t\t<div class=\"elementor-widget-wrap elementor-element-populated\">\n\t\t\t\t\t\t\t\t<div class=\"elementor-element elementor-element-1f50bf8 elementor-widget elementor-widget-text-editor\" data-id=\"1f50bf8\" data-element_type=\"widget\" data-widget_type=\"text-editor.default\">\n\t\t\t\t<div class=\"elementor-widget-container\">\n\t\t\t\t\t\t\t<p>Listing chronologique de vos rendez-vous avec options de tri et recherche et actions associ\u00e9es<\/p>\t\t\t\t\t\t<\/div>\n\t\t\t\t<\/div>\n\t\t\t\t\t<\/div>\n\t\t<\/div>\n\t\t\t\t<div class=\"elementor-column elementor-col-33 elementor-top-column elementor-element elementor-element-dde9f23\" data-id=\"dde9f23\" data-element_type=\"column\">\n\t\t\t<div class=\"elementor-widget-wrap elementor-element-populated\">\n\t\t\t\t\t\t\t\t<div class=\"elementor-element elementor-element-4b620da elementor-widget elementor-widget-text-editor\" data-id=\"4b620da\" data-element_type=\"widget\" data-widget_type=\"text-editor.default\">\n\t\t\t\t<div class=\"elementor-widget-container\">\n\t\t\t\t\t\t\t<p>Consultation des r\u00e9servations pour chaque activit\u00e9 avec effectifs et gestion de liste d&rsquo;attente<\/p>\t\t\t\t\t\t<\/div>\n\t\t\t\t<\/div>\n\t\t\t\t\t<\/div>\n\t\t<\/div>\n\t\t\t\t\t\t\t<\/div>\n\t\t<\/section>\n\t\t\t\t<section class=\"elementor-section elementor-top-section elementor-element elementor-element-26db0dc7 elementor-section-boxed elementor-section-height-default elementor-section-height-default\" data-id=\"26db0dc7\" data-element_type=\"section\">\n\t\t\t\t\t\t<div class=\"elementor-container elementor-column-gap-default\">\n\t\t\t\t\t<div class=\"elementor-column elementor-col-100 elementor-top-column elementor-element elementor-element-674b2eeb\" data-id=\"674b2eeb\" data-element_type=\"column\">\n\t\t\t<div class=\"elementor-widget-wrap elementor-element-populated\">\n\t\t\t\t\t\t\t\t<div class=\"elementor-element elementor-element-3e6bbc15 elementor-widget__width-inherit elementor-widget elementor-widget-text-editor\" data-id=\"3e6bbc15\" data-element_type=\"widget\" data-widget_type=\"text-editor.default\">\n\t\t\t\t<div class=\"elementor-widget-container\">\n\t\t\t\t\t\t\t<p><!-- wp:paragraph --><\/p>\n<p><!-- \/wp:paragraph --><\/p>\n<p><!-- wp:paragraph --><\/p>\n<p>\u00a0<\/p>\n<figure><\/figure>\n<figure><span style=\"font-size: 14px; color: var( --e-global-color-text );\">\u00a0<\/span><span style=\"color: #333333; font-size: 20px; font-weight: 600;\">\u00a0<\/span><span style=\"color: #e99a03; font-family: Geneva, Arial, Helvetica, sans-serif; font-size: 1.4em; font-style: normal; font-variant-ligatures: normal; font-variant-caps: normal; font-weight: 500;\">Fonctionnalit\u00e9s<\/span><\/figure>\n<h2>\u00a0<\/h2>\n<ul style=\"margin-top: 0px; margin-bottom: 10px; font-family: 'Helvetica Neue', Helvetica, Arial, sans-serif; font-size: 14px; font-style: normal; font-variant-ligatures: normal; font-variant-caps: normal; font-weight: 400; text-align: start;\">\n<li>Acc\u00e8s s\u00e9curis\u00e9 en mode Secr\u00e9tariat, en mode Professeur\/Coach et en mode Membre<\/li>\n<li>Saisie des r\u00e9servations par simple clic sur le planning et s\u00e9lection du membre<\/li>\n<li>Possibilit\u00e9 de changement de la capacit\u00e9 d&rsquo;une activit\u00e9 par simple clic<\/li>\n<li>Possibilit\u00e9 d&rsquo;annulation d&rsquo;une activit\u00e9 ou de toute une journ\u00e9e<\/li>\n<li>Possibilit\u00e9 de r\u00e9servation de plusieurs places par un seul membre (selon param\u00e9trage)<\/li>\n<li>Gestion de liste d&rsquo;attente pour une activit\u00e9 avec inscription automatique si d\u00e9sistement (selon param\u00e9trage)<\/li>\n<li>Gestion des abonnements (activit\u00e9s autoris\u00e9es, dur\u00e9e de validit\u00e9, tarifs etc) avec possibilit\u00e9 d&rsquo;achat en ligne<\/li>\n<li>Gestion des r\u00e9servations avec possibilit\u00e9 de paiement en ligne ou par syst\u00e8me de cr\u00e9dits \u00e0 d\u00e9compter<\/li>\n<li>Rappel automatique des rendez-vous aux membres par email ou SMS selon param\u00e9trage<\/li>\n<li>Connexion et synchronisation avec le logiciel GESFIT<\/li>\n<li>Administration compl\u00e8te de votre compte comprenant :<br \/>\n<ul style=\"margin-top: 0px; margin-bottom: 0px;\">\n<li>Edition des coordonn\u00e9es du club (nom, adresse, email t\u00e9l\u00e9phone etc.)<\/li>\n<li>Edition des abonnements propos\u00e9s avec :<br \/>\n<ul style=\"margin-top: 0px; margin-bottom: 0px;\">\n<li>Nom et description de l&rsquo;abonnement<\/li>\n<li>P\u00e9riode de validit\u00e9<\/li>\n<li>Tarif<\/li>\n<li>Nombre de cr\u00e9dits ou de s\u00e9ances allou\u00e9s<\/li>\n<li>Activit\u00e9s autoris\u00e9es avec cet abonnement<\/li>\n<\/ul>\n<\/li>\n<li>Edition des activit\u00e9s propos\u00e9es avec :<br \/>\n<ul style=\"margin-top: 0px; margin-bottom: 0px;\">\n<li>Nom et description de l&rsquo;activit\u00e9<\/li>\n<li>Dates d&rsquo;ouverture et fermeture de l&rsquo;activit\u00e9<\/li>\n<li>Cr\u00e9neaux horaires hebdomadaires de l&rsquo;activit\u00e9<\/li>\n<li>Type de client\u00e8le<\/li>\n<li>Capacit\u00e9 et dur\u00e9e<\/li>\n<li>Couleur d&rsquo;affichage<\/li>\n<li>Prix (\u20ac ou cr\u00e9dits \u00e0 d\u00e9compter) de l&rsquo;activit\u00e9 si hors abonnement<\/li>\n<li>Paiement obligatoire ou non \u00e0 la r\u00e9servation<\/li>\n<li>D\u00e9lai minimum et maximum pour r\u00e9servation et annulation<\/li>\n<li>Type, taille et l\u00e9gende des infos affich\u00e9es sur le planning pour chaque activit\u00e9<\/li>\n<li>Taille de la liste d&rsquo;attente et inscription automatique ou non si d\u00e9sistement<\/li>\n<li>etc.<\/li>\n<\/ul>\n<\/li>\n<li>Edition, cr\u00e9ation et suppression de membres avec leurs codes d&rsquo;acc\u00e8s au site MultiResa<\/li>\n<li>Edition, cr\u00e9ation et suppression des professeurs\/coachs<\/li>\n<li>Edition, cr\u00e9ation et suppression des fermetures\/vacances<\/li>\n<\/ul>\n<\/li>\n<\/ul>\n<p><!-- \/wp:paragraph --><\/p>\t\t\t\t\t\t<\/div>\n\t\t\t\t<\/div>\n\t\t\t\t\t<\/div>\n\t\t<\/div>\n\t\t\t\t\t\t\t<\/div>\n\t\t<\/section>\n\t\t\t\t<section class=\"elementor-section elementor-top-section elementor-element elementor-element-e0533d6 elementor-section-boxed elementor-section-height-default elementor-section-height-default\" data-id=\"e0533d6\" data-element_type=\"section\">\n\t\t\t\t\t\t<div class=\"elementor-container elementor-column-gap-default\">\n\t\t\t\t\t<div class=\"elementor-column elementor-col-50 elementor-top-column elementor-element elementor-element-e94d9d3\" data-id=\"e94d9d3\" data-element_type=\"column\">\n\t\t\t<div class=\"elementor-widget-wrap elementor-element-populated\">\n\t\t\t\t\t\t\t\t<div class=\"elementor-element elementor-element-0c03ff0 elementor-widget elementor-widget-text-editor\" data-id=\"0c03ff0\" data-element_type=\"widget\" data-widget_type=\"text-editor.default\">\n\t\t\t\t<div class=\"elementor-widget-container\">\n\t\t\t\t\t\t\t<p><a href=\"http:\/\/multiresa.net\/site\/formules-tarifs\/\" target=\"_blank\" rel=\"noopener\">Voir les tarifs<\/a><\/p>\t\t\t\t\t\t<\/div>\n\t\t\t\t<\/div>\n\t\t\t\t\t<\/div>\n\t\t<\/div>\n\t\t\t\t<div class=\"elementor-column elementor-col-50 elementor-top-column elementor-element elementor-element-340f28b\" data-id=\"340f28b\" data-element_type=\"column\">\n\t\t\t<div class=\"elementor-widget-wrap elementor-element-populated\">\n\t\t\t\t\t\t\t\t<div class=\"elementor-element elementor-element-27a9d2a elementor-widget elementor-widget-text-editor\" data-id=\"27a9d2a\" data-element_type=\"widget\" data-widget_type=\"text-editor.default\">\n\t\t\t\t<div class=\"elementor-widget-container\">\n\t\t\t\t\t\t\t<p><a href=\"https:\/\/www.multiresa.net\/sports\/club\/fitness\/\" target=\"_blank\" rel=\"noopener\">Voir la d\u00e9mo en ligne<\/a><\/p>\t\t\t\t\t\t<\/div>\n\t\t\t\t<\/div>\n\t\t\t\t\t<\/div>\n\t\t<\/div>\n\t\t\t\t\t\t\t<\/div>\n\t\t<\/section>\n\t\t\t\t<section class=\"elementor-section elementor-top-section elementor-element elementor-element-7787baf elementor-section-boxed elementor-section-height-default elementor-section-height-default\" data-id=\"7787baf\" data-element_type=\"section\">\n\t\t\t\t\t\t<div class=\"elementor-container elementor-column-gap-default\">\n\t\t\t\t\t<div class=\"elementor-column elementor-col-100 elementor-top-column elementor-element elementor-element-814dc7a\" data-id=\"814dc7a\" data-element_type=\"column\">\n\t\t\t<div class=\"elementor-widget-wrap elementor-element-populated\">\n\t\t\t\t\t\t\t\t<div class=\"elementor-element elementor-element-1ce738a elementor-widget elementor-widget-text-editor\" data-id=\"1ce738a\" data-element_type=\"widget\" data-widget_type=\"text-editor.default\">\n\t\t\t\t<div class=\"elementor-widget-container\">\n\t\t\t\t\t\t\t<p><a href=\"http:\/\/multiresa.net\/site\/contact\/\">Contact<\/a>\u00a0 \u00a0<a href=\"http:\/\/multiresa.net\/site\/mention-legal\/\">Mentions l\u00e9gales \/ RGPD<\/a><\/p>\t\t\t\t\t\t<\/div>\n\t\t\t\t<\/div>\n\t\t\t\t\t<\/div>\n\t\t<\/div>\n\t\t\t\t\t\t\t<\/div>\n\t\t<\/section>\n\t\t\t\t\t\t\t<\/div>\n\t\t","protected":false},"excerpt":{"rendered":"<p>Vous g\u00e9rez un club de sport, club de remise en forme ou de fitness, un golf, club de tennis ou squash ? Vous offrez \u00e0 vos membres une seule ou plusieurs types d&rsquo;activit\u00e9s ? MultiResa vous propose un agenda en ligne, pour votre club et vos membres, afin de g\u00e9rer facilement et efficacement votre planning [&hellip;]<\/p>\n","protected":false},"author":1,"featured_media":0,"parent":0,"menu_order":0,"comment_status":"closed","ping_status":"closed","template":"","meta":{"footnotes":""},"class_list":["post-105","page","type-page","status-publish","hentry","entry"],"_links":{"self":[{"href":"https:\/\/multiresa.net\/site\/wp-json\/wp\/v2\/pages\/105","targetHints":{"allow":["GET"]}}],"collection":[{"href":"https:\/\/multiresa.net\/site\/wp-json\/wp\/v2\/pages"}],"about":[{"href":"https:\/\/multiresa.net\/site\/wp-json\/wp\/v2\/types\/page"}],"author":[{"embeddable":true,"href":"https:\/\/multiresa.net\/site\/wp-json\/wp\/v2\/users\/1"}],"replies":[{"embeddable":true,"href":"https:\/\/multiresa.net\/site\/wp-json\/wp\/v2\/comments?post=105"}],"version-history":[{"count":64,"href":"https:\/\/multiresa.net\/site\/wp-json\/wp\/v2\/pages\/105\/revisions"}],"predecessor-version":[{"id":598,"href":"https:\/\/multiresa.net\/site\/wp-json\/wp\/v2\/pages\/105\/revisions\/598"}],"wp:attachment":[{"href":"https:\/\/multiresa.net\/site\/wp-json\/wp\/v2\/media?parent=105"}],"curies":[{"name":"wp","href":"https:\/\/api.w.org\/{rel}","templated":true}]}}