{"id":16,"date":"2023-04-25T11:47:08","date_gmt":"2023-04-25T09:47:08","guid":{"rendered":"http:\/\/multiresa.net\/site\/?page_id=16"},"modified":"2023-06-14T11:10:02","modified_gmt":"2023-06-14T09:10:02","slug":"mention-legal","status":"publish","type":"page","link":"http:\/\/multiresa.net\/site\/mention-legal\/","title":{"rendered":"Mentions l\u00e9gals"},"content":{"rendered":"\t\t<div data-elementor-type=\"wp-page\" data-elementor-id=\"16\" class=\"elementor elementor-16\">\n\t\t\t\t\t\t\t\t\t<section class=\"elementor-section elementor-top-section elementor-element elementor-element-7d879e44 elementor-section-boxed elementor-section-height-default elementor-section-height-default\" data-id=\"7d879e44\" data-element_type=\"section\">\n\t\t\t\t\t\t<div class=\"elementor-container elementor-column-gap-default\">\n\t\t\t\t\t<div class=\"elementor-column elementor-col-100 elementor-top-column elementor-element elementor-element-acdf180\" data-id=\"acdf180\" data-element_type=\"column\">\n\t\t\t<div class=\"elementor-widget-wrap elementor-element-populated\">\n\t\t\t\t\t\t\t\t<div class=\"elementor-element elementor-element-5d61b831 elementor-widget elementor-widget-text-editor\" data-id=\"5d61b831\" data-element_type=\"widget\" data-widget_type=\"text-editor.default\">\n\t\t\t\t<div class=\"elementor-widget-container\">\n\t\t\t<style>\/*! elementor - v3.12.2 - 23-04-2023 *\/\n.elementor-widget-text-editor.elementor-drop-cap-view-stacked .elementor-drop-cap{background-color:#69727d;color:#fff}.elementor-widget-text-editor.elementor-drop-cap-view-framed .elementor-drop-cap{color:#69727d;border:3px solid;background-color:transparent}.elementor-widget-text-editor:not(.elementor-drop-cap-view-default) .elementor-drop-cap{margin-top:8px}.elementor-widget-text-editor:not(.elementor-drop-cap-view-default) .elementor-drop-cap-letter{width:1em;height:1em}.elementor-widget-text-editor .elementor-drop-cap{float:left;text-align:center;line-height:1;font-size:50px}.elementor-widget-text-editor .elementor-drop-cap-letter{display:inline-block}<\/style>\t\t\t\t<p><!-- wp:heading {\"textAlign\":\"center\"} --><\/p>\n<h2 class=\"wp-block-heading has-text-align-center\"><mark style=\"background-color:rgba(0, 0, 0, 0)\" class=\"has-inline-color has-luminous-vivid-amber-color\">RGPD<\/mark><\/h2>\n<p><!-- \/wp:heading --><\/p>\n<p><!-- wp:heading {\"level\":3} --><\/p>\n<h3 class=\"wp-block-heading\"><mark style=\"background-color:rgba(0, 0, 0, 0)\" class=\"has-inline-color has-luminous-vivid-amber-color\">PROTECTION DES DONNEES PERSONNELLES ET COOKIES<\/mark><\/h3>\n<p><!-- \/wp:heading --><\/p>\n<p><!-- wp:paragraph --><\/p>\n<p>SBL et DHORG ont pour ambition d\u2019\u00eatre une entreprise citoyenne exemplaire. Nous accordons une grande valeur \u00e0 l\u2019honn\u00eatet\u00e9 et \u00e0 la clart\u00e9 et avons \u00e0 c\u0153ur de construire avec nos clients des relations durables, fond\u00e9es sur la confiance et l\u2019int\u00e9r\u00eat mutuel. Conform\u00e9ment \u00e0 cette philosophie, la protection de vos donn\u00e9es personnelles est essentielle \u00e0 nos yeux et nous souhaitons vous informer de notre politique de protection des donn\u00e9es personnelles, et de la mani\u00e8re dont nous collectons et traitons vos donn\u00e9es.<\/p>\n<p><!-- \/wp:paragraph --><\/p>\n<p><!-- wp:heading {\"level\":3} --><\/p>\n<h3 class=\"wp-block-heading\"><mark style=\"background-color:rgba(0, 0, 0, 0)\" class=\"has-inline-color has-luminous-vivid-amber-color\">IDENTITE DU RESPONSABLE DU TRAITEMENT<\/mark><\/h3>\n<p><!-- \/wp:heading --><\/p>\n<p><!-- wp:paragraph --><\/p>\n<p>Le traitement et la protection des donn\u00e9es du site Multiresa.Fr est assur\u00e9e par l\u2019entreprise DHORG. Vous pouvez la contacter \u00e0 tout moment \u00e0 l\u2018adresse contact@multiresa.fr pour toute question relative \u00e0 la protection des donn\u00e9es. Chaque client (club de sport ou autre) doit disposer d&rsquo;un d\u00e9l\u00e9gu\u00e9 \u00e0 la protection des donn\u00e9es, il convient de se rapprocher de leurs services pour plus d&rsquo;information sur leurs traitements interne de donn\u00e9es.<\/p>\n<p><!-- \/wp:paragraph --><\/p>\n<p><!-- wp:heading {\"level\":3} --><\/p>\n<h3 class=\"wp-block-heading\"><mark style=\"background-color:rgba(0, 0, 0, 0)\" class=\"has-inline-color has-luminous-vivid-amber-color\">QUELLES DONNEES COLLECTE MULTIRESA ?<\/mark><\/h3>\n<p><!-- \/wp:heading --><\/p>\n<p><!-- wp:paragraph --><\/p>\n<p>Nous collectons des donn\u00e9es \u00e0 caract\u00e8re personnel sur toute personne physique, poss\u00e9dant un compte MULTIRESA et utilisant le site www.multiresa.fr apr\u00e8s inscription sur notre site de r\u00e9servations d\u2019\u00e9v\u00e9nements (sportifs ou autres) , notamment par l&rsquo;utilisation de cookies conform\u00e9ment \u00e0 la l\u00e9gislation en vigueur.<br>Nous collectons et traitons tout ou partie des donn\u00e9es suivantes :<\/p>\n<p><!-- \/wp:paragraph --><\/p>\n<p><!-- wp:list --><\/p>\n<ul><!-- wp:list-item --><p><\/p>\n<li>pr\u00e9nom et nom de famille<\/li>\n<p><!-- \/wp:list-item --><\/p>\n<p><!-- wp:list-item --><\/p>\n<li>email<\/li>\n<p><!-- \/wp:list-item --><\/p>\n<p><!-- wp:list-item --><\/p>\n<li>num\u00e9ro de t\u00e9l\u00e9phone (facultatif)<\/li>\n<p><!-- \/wp:list-item --><\/p>\n<p><!-- wp:list-item --><\/p>\n<li>adresse postale (facultatif)<\/li>\n<p><!-- \/wp:list-item --><\/p>\n<p><!-- wp:list-item --><\/p>\n<li>\u00e2ge\/date de naissance (facultatif)<\/li>\n<p><!-- \/wp:list-item --><\/p>\n<p><!-- wp:list-item --><\/p>\n<li>votre historique de r\u00e9servations<\/li>\n<p><!-- \/wp:list-item --><\/p>\n<p><!-- wp:list-item --><\/p>\n<li>toute demande particuli\u00e8re que vous pourriez nous adresser (principalement pour des besoins d\u2019archivage et de suivi de dossier)<\/li>\n<p><!-- \/wp:list-item --><\/p><\/ul>\n<p><!-- \/wp:list --><\/p>\n<p><!-- wp:paragraph --><\/p>\n<p>Nous collectons ces donn\u00e9es lorsque vous :<\/p>\n<p><!-- \/wp:paragraph --><\/p>\n<p><!-- wp:list --><\/p>\n<ul><!-- wp:list-item --><p><\/p>\n<li>cr\u00e9ez un compte client<\/li>\n<p><!-- \/wp:list-item --><\/p>\n<p><!-- wp:list-item --><\/p>\n<li>effectuez une r\u00e9servation sur le site<\/li>\n<p><!-- \/wp:list-item --><\/p>\n<p><!-- wp:list-item --><\/p>\n<li>effectuez un achat R\u00e9servation ou Abonnement sur le site<\/li>\n<p><!-- \/wp:list-item --><\/p><\/ul>\n<p><!-- \/wp:list --><\/p>\n<p><!-- wp:heading {\"level\":3} --><\/p>\n<h3 class=\"wp-block-heading\"><mark style=\"background-color:rgba(0, 0, 0, 0)\" class=\"has-inline-color has-luminous-vivid-amber-color\">QUELLE EST LA FINALIT\u00c9 DE CETTE COLLECTE DE DONNEES ?<\/mark><\/h3>\n<p><!-- \/wp:heading --><\/p>\n<p><!-- wp:paragraph --><\/p>\n<p>Nous utilisons principalement vos donn\u00e9es personnelles dans le cadre de la gestion de vos clients \/ prospects, et notamment pour r\u00e9pondre \u00e0 vos demandes ou pour vous envoyer r\u00e9guli\u00e8rement des nouvelles et des informations sur Multiresa et\/ou \u00e9v\u00e9nements susceptibles de susciter votre int\u00e9r\u00eat.<br>\u2022 Lutte contre la fraude Dans le cadre de la pr\u00e9vention et de la lutte contre la fraude notamment \u00e0 la carte bancaire, nous nous r\u00e9servons le droit de v\u00e9rifier les donn\u00e9es personnelles que vous nous aurez communiqu\u00e9es lors du passage de la commande et d&rsquo;adopter toutes les mesures jug\u00e9es n\u00e9cessaires \u00e0 la v\u00e9rification du fait que la personne dont le compte bancaire est d\u00e9bit\u00e9 est bien celle qui a pass\u00e9 la commande, ceci afin d\u2019\u00e9viter tout paiement frauduleux. Cette v\u00e9rification pourra prendre la forme d\u2019une demande de justificatifs d\u2019identit\u00e9 et\/ou de domicile.<br>A d\u00e9faut de r\u00e9ponse n\u00e9gative de votre part, nous nous r\u00e9servons le droit d\u2019annuler votre commande. De plus, si vous compte client a d\u00e9j\u00e0 \u00e9t\u00e9 utilis\u00e9 pour commettre une fraude, nous pouvons \u00eatre amen\u00e9 \u00e0 bloquer votre commande.<\/p>\n<p><!-- \/wp:paragraph --><\/p>\n<p><!-- wp:heading {\"level\":3} --><\/p>\n<h3 class=\"wp-block-heading\"><mark style=\"background-color:rgba(0, 0, 0, 0)\" class=\"has-inline-color has-luminous-vivid-amber-color\">PARTAGEONS NOUS VOS DONNEES PERSONNELLES ?<\/mark><\/h3>\n<p><!-- \/wp:heading --><\/p>\n<p><!-- wp:paragraph --><\/p>\n<p>Nous avons pour politique de ne pas c\u00e9der \u00e0 des tiers les donn\u00e9es concernant nos clients \u00e0 des fins commerciales. Seule notre soci\u00e9t\u00e9 SBL et notre partenaire DHORG ont acc\u00e8s aux informations que vous nous communiquez. Les cat\u00e9gories de personnes qui auront acc\u00e8s \u00e0 vos donn\u00e9es personnelles au sein de SBL et DHORG sont, dans la limite de leurs attributions respectives: le service client, les services administratifs, le service technique et les services charg\u00e9s du contr\u00f4le (commissaire aux comptes, services charg\u00e9s des proc\u00e9dures internes de contr\u00f4le, etc \u2026). Nous pouvons \u00e9galement transmettre vos donn\u00e9es \u00e0 caract\u00e8re personnel aux organismes publics, exclusivement pour r\u00e9pondre aux obligations l\u00e9gales, les auxiliaires de justice, les officiers minist\u00e9riels, les services de police dans le cadre de r\u00e9quisitions judiciaires et les organismes charg\u00e9s d\u2019effectuer le recouvrement de cr\u00e9ances.<\/p>\n<p><!-- \/wp:paragraph --><\/p>\n<p><!-- wp:heading {\"level\":3} --><\/p>\n<h3 class=\"wp-block-heading\"><mark style=\"background-color:rgba(0, 0, 0, 0)\" class=\"has-inline-color has-luminous-vivid-amber-color\">QUELS SONT VOS DROITS D&rsquo;ACCES, DE RECTIFICATION ET DE SUPPRESSION ?<\/mark><\/h3>\n<p><!-- \/wp:heading --><\/p>\n<p><!-- wp:paragraph --><\/p>\n<p>Vous avez toujours la possibilit\u00e9 de nous contacter par courrier postal ou par email pour consulter les donn\u00e9es personnelles vous concernant qui sont en notre possession. Si vous identifiez une erreur parmi ces donn\u00e9es ou si vous les jugez incompl\u00e8tes ou ambig\u00fces, vous pouvez \u00e9galement nous demander de les corriger, de les compl\u00e9ter ou de les clarifier. Vous pouvez \u00e9galement vous opposer \u00e0 ce que vos donn\u00e9es soient utilis\u00e9es \u00e0 des fins de prospection commerciale ou communiqu\u00e9es \u00e0 des tiers \u00e0 cette fin. Enfin, vous pouvez nous demander de supprimer toute donn\u00e9e personnelle qui vous concerne et que nous d\u00e9tenons. Toutefois, veuillez noter que nous sommes susceptibles de conserver une trace de vos donn\u00e9es \u00e0 des fins d\u2019archivage (en particulier lorsque la loi nous l\u2019impose, notamment les informations propres \u00e0 une commande).<br>Pour toute demande d&rsquo;acc\u00e8s \u00e0 vos donn\u00e9es personnelles il vous faudra : indiquer vos pr\u00e9nom, nom, adresse postale et\/ou email, club de sport (ou autre) de rattachement, envoyer une copie d\u2019une pi\u00e8ce d\u2019identit\u00e9 en cours de validit\u00e9 portant votre signature. Nous disposons d\u2019un d\u00e9lai de 2 mois \u00e0 compter de la r\u00e9ception de votre demande pour y r\u00e9pondre.<\/p>\n<p><!-- \/wp:paragraph --><\/p>\n<p><!-- wp:heading {\"level\":3} --><\/p>\n<h3 class=\"wp-block-heading\"><mark style=\"background-color:rgba(0, 0, 0, 0)\" class=\"has-inline-color has-luminous-vivid-amber-color\">COMBIEN DE TEMPS GARDONS NOUS VOS DONN\u00c9ES ?<\/mark><\/h3>\n<p><!-- \/wp:heading --><\/p>\n<p><!-- wp:paragraph --><\/p>\n<p>Nous conservons vos donn\u00e9es \u00e0 compter de la derni\u00e8re transaction que vous avez effectu\u00e9e sur le Site ou de la derni\u00e8re mise \u00e0 jour de votre compte client ou mise \u00e0 jour de vos abonnements \u00e0 nos newsletters. Ces donn\u00e9es sont conserv\u00e9es pendant une dur\u00e9e de cinq ann\u00e9es \u00e0 compter de la fin des relations avec le client ou le prospect. Le d\u00e9lai commence \u00e0 partir soit de la derni\u00e8re commande, soit de la derni\u00e8re connexion au compte client, ou du dernier appel au service client, ou de l\u2019envoi d\u2019un courriel au service client, ou d\u2019un clic sur un lien hypertexte d\u2019un courriel adress\u00e9 par SBL ou DHORG, ou enfin d\u2019une r\u00e9ponse positive \u00e0 un courriel demandant si le client souhaite continuer \u00e0 recevoir de la prospection commerciale \u00e0 l\u2019\u00e9ch\u00e9ance du d\u00e9lai de cinq ans. A l\u2019issue de ce d\u00e9lai les donn\u00e9es du client ou prospect seront anonymis\u00e9es.<br>Cependant, les informations permettant d\u2019\u00e9tablir la preuve d\u2019un droit ou d\u2019un contrat, ou conserv\u00e9es au titre du respect d\u2019une obligation l\u00e9gale peuvent \u00eatre archiv\u00e9es conform\u00e9ment aux dispositions l\u00e9gales en vigueur (notamment dans le cadre d&rsquo;une garantie ou d&rsquo;archivages comptable).<\/p>\n<p><!-- \/wp:paragraph --><\/p>\n<p><!-- wp:heading {\"level\":3} --><\/p>\n<h3 class=\"wp-block-heading\"><mark style=\"background-color:rgba(0, 0, 0, 0)\" class=\"has-inline-color has-luminous-vivid-amber-color\">VOS DONN\u00c9ES PERSONNELLES SONT-ELLES CONSERV\u00c9ES EN S\u00c9CURIT\u00c9 ?<\/mark><\/h3>\n<p><!-- \/wp:heading --><\/p>\n<p><!-- wp:paragraph --><\/p>\n<p>Nous avons pour objectif de toujours conserver vos donn\u00e9es personnelles de la mani\u00e8re la plus s\u00fbre et la plus s\u00e9curis\u00e9e, et uniquement pendant la dur\u00e9e n\u00e9cessaire \u00e0 la r\u00e9alisation de la finalit\u00e9 poursuivie par le traitement. Dans cette perspective, nous prenons les mesures physiques, techniques et organisationnelles appropri\u00e9es pour emp\u00eacher dans toute la mesure du possible toute alt\u00e9ration ou perte de vos donn\u00e9es ou tout acc\u00e8s non autoris\u00e9 \u00e0 celles-ci. Vos informations personnelles sont transmises gr\u00e2ce \u00e0 un codage SSL, garantissant un niveau de s\u00e9curit\u00e9 maximal lors des \u00e9changes de donn\u00e9es. Cependant, nul ne peut garantir une protection absolue. Sur nos Supports de commerce \u00e9lectronique, nous g\u00e9rons vos informations de paiement \u00e0 l\u2019aide de m\u00e9thodes r\u00e9pondant aux normes de l\u2019industrie (telles que PCI DSS). Les serveurs sur lesquels sont stock\u00e9es les donn\u00e9es de Multiresa sont situ\u00e9s en France et disposent des meilleures protections du moment.<br>Nous vous informons que cette politique de protection des donn\u00e9es personnelles peut \u00eatre modifi\u00e9e par nos soins. Dans ce cas, ces modifications seront consultables sur cette page.<\/p>\n<p><!-- \/wp:paragraph --><\/p>\n<p><!-- wp:heading {\"level\":3} --><\/p>\n<h3 class=\"wp-block-heading\"><mark style=\"background-color:rgba(0, 0, 0, 0)\" class=\"has-inline-color has-luminous-vivid-amber-color\">COOKIES &#8211; QUEL EST LE FONTIONNEMENT ?<\/mark><\/h3>\n<p><!-- \/wp:heading --><\/p>\n<p><!-- wp:paragraph --><\/p>\n<p>Qu&rsquo;est-ce qu&rsquo;un cookie ?<br>Un cookie est un petit fichier texte qui est plac\u00e9 ou stock\u00e9 sur votre terminal (ordinateur, tablette ou appareil mobile) lorsque vous visitez un site internet. Le cookie permet \u00e0 un site de vous reconna\u00eetre, de vous aider \u00e0 naviguer de page en page sur un site internet, fournit des connexions s\u00e9curis\u00e9es et se souvient de vos pr\u00e9f\u00e9rences lors de vos prochaines visites.<br>Les param\u00e8tres par d\u00e9faut des navigateurs internet sont habituellement r\u00e9gl\u00e9s de mani\u00e8re \u00e0 accepter les cookies, mais vous pouvez facilement changer cela en modifiant les param\u00e8tres de votre navigateur. Toutefois, veuillez noter que si vous choisissez de d\u00e9sactiver les cookies, il se peut que certaines parties de nos Supports ne soient pas accessibles.<\/p>\n<p><!-- \/wp:paragraph --><\/p>\n<p><!-- wp:paragraph --><\/p>\n<p>Quel cookies utilisons nous ?<br>En fonction du navigateur et du terminal (ordinateur, tablette ou appareil mobile) que vous utilisez pour naviguer sur nos sites, nous mettons en place diff\u00e9rent type de Cookies.<\/p>\n<p><!-- \/wp:paragraph --><\/p>\n<p><!-- wp:paragraph --><\/p>\n<p>Les cookies strictement n\u00e9cessaires : ces cookies vous permettent de naviguer sur le Site et sont indispensables au bon fonctionnement du Site (notamment pour passer les \u00e9tapes du panier). Leur d\u00e9sactivation entra\u00eenera des difficult\u00e9s dans l\u2019utilisation du Site et aura pour cons\u00e9quence d&#8217;emp\u00eacher l&rsquo;acc\u00e8s \u00e0 certaines fonctionnalit\u00e9s.<\/p>\n<p><!-- \/wp:paragraph --><\/p>\n<p><!-- wp:paragraph --><\/p>\n<p>Les cookies fonctionnels : ces cookies permettent de m\u00e9moriser vos pr\u00e9f\u00e9rences, vos choix afin de personnaliser votre exp\u00e9rience sur le Site.<\/p>\n<p><!-- \/wp:paragraph --><\/p>\n<p><!-- wp:paragraph --><\/p>\n<p>Les cookies de performance et statistiques : ces cookies collectent des informations sur la fa\u00e7on dont vous naviguez sur le Site ( nombre de visites, nombre de pages consult\u00e9es, activit\u00e9 des visiteurs) via les outils d\u2019analyse Google Analytics. Ces cookies nous permettent \u00e9galement d\u2019identifier et de r\u00e9soudre les probl\u00e8mes de fonctionnement du Site et de l\u2019am\u00e9liorer.<\/p>\n<p><!-- \/wp:paragraph --><\/p>\n<p><!-- wp:paragraph --><\/p>\n<p>Les cookies publicitaires : nous n&rsquo;utilisons aucun cookie \u00e0 fins publicitaires<\/p>\n<p><!-- \/wp:paragraph --><\/p>\n<p><!-- wp:paragraph --><\/p>\n<p>Comment param\u00e9trer les cookies de mon navigateur internet?<br>La gestion des cookies et de vos choix est diff\u00e9rente selon le navigateur utilis\u00e9. Elle est d\u00e9crite dans le menu d&rsquo;aide de votre navigateur, qui vous permettra de savoir de quelle mani\u00e8re modifier vos souhaits en mati\u00e8re de cookies.<br>Pour plus d&rsquo;informations vous pouvez consulter l&rsquo;aide des principaux navigateurs Internet Explorer\u2122 \/\/ Safari\u2122 \/\/ Chrome\u2122 \/\/ Firefox\u2122 \/\/ Opera\u2122.<\/p>\n<p><!-- \/wp:paragraph --><\/p>\n<p><!-- wp:paragraph --><\/p>\n<p>Comment param\u00e9trer les cookies sur mon smartphone ?<br>Vous avez la possibilit\u00e9 de contr\u00f4ler le d\u00e9p\u00f4t des Cookies sur votre smartphone dans les r\u00e8gles du syst\u00e8me d\u2019exploitation.<br>Sur iOS (iPhone\u2122) : https:\/\/support.apple.com\/fr-fr\/HT201265<br>Sur Android (autres marques de t\u00e9l\u00e9phones) : https:\/\/support.google.com\/chrome\/topic\/3434352<\/p>\n<p><!-- \/wp:paragraph --><\/p>\n<p><!-- wp:heading {\"level\":3} --><\/p>\n<h3 class=\"wp-block-heading\"><mark style=\"background-color:rgba(0, 0, 0, 0)\" class=\"has-inline-color has-luminous-vivid-amber-color\">ET A PROPOS DES NEWSLETTERS ?<\/mark><\/h3>\n<p><!-- \/wp:heading --><\/p>\n<p><!-- wp:paragraph --><\/p>\n<p>Nous n&rsquo;envoyons pas de newsletters. Les \u00e9ventuelles newsletters sont g\u00e9r\u00e9es, cr\u00e9\u00e9es et envoy\u00e9es directement par votre club de sport (ou autre). Pour toute question \u00e0 ce propos veuillez vous rapprocher de leurs services.<\/p>\n<p><!-- \/wp:paragraph --><\/p>\n<p><!-- wp:heading --><\/p>\n<h2 class=\"wp-block-heading\"><mark style=\"background-color:rgba(0, 0, 0, 0)\" class=\"has-inline-color has-luminous-vivid-amber-color\">Mentions l\u00e9gales<\/mark><\/h2>\n<p><!-- \/wp:heading --><\/p>\n<p><!-- wp:paragraph --><\/p>\n<p>Le pr\u00e9sent site constitue une \u0153uvre dont SOLUTIONS BIOMETRIQUES ET LOGICIELS SARL est l&rsquo;auteur, prot\u00e9g\u00e9e par la l\u00e9gislation en vigueur (article L.122-4 du code de la propri\u00e9t\u00e9 intellectuelle).<br><br>Les divers \u00e9l\u00e9ments du site web (mise en page, structure, charte graphique, logos, photos des produits, photos, etc&#8230;) sont prot\u00e9g\u00e9s par des droits de propri\u00e9t\u00e9 intellectuelle et ne peuvent \u00eatre copi\u00e9s ou imit\u00e9s sauf autorisation expr\u00e8s.<br>Toute personne ne respectant pas les dispositions l\u00e9gales se rend coupable du d\u00e9lit de contrefa\u00e7on et est passible des sanctions p\u00e9nales pr\u00e9vues par la loi.<br>Les logos, textes, photographies, vid\u00e9o etc&#8230;sont la propri\u00e9t\u00e9 de SOLUTIONS BIOMETRIQUES ET LOGICIELS SARL ou de tiers ayant autoris\u00e9 SOLUTIONS BIOMETRIQUES ET LOGICIELS SARL \u00e0 les utiliser.<br><br>Les adresses personnelles recueillies sur le site r\u00e9sultent de la communication volontaire du client ou de l\u2019internaute de nous transmettre ses coordonn\u00e9es dans un but d\u2019information ou de commande et livraisons de produits. Les informations recueillies ne servent qu\u2019\u00e0 SOLUTIONS BIOMETRIQUES ET LOGICIELS SARL dans le cadre de son activit\u00e9 avec ses clients ou prospects.<br>Les informations collect\u00e9es ne feront l&rsquo;objet d&rsquo;aucune cession \u00e0 des tiers.<br><br>Conform\u00e9ment \u00e0 l&rsquo;article 34 de la loi informatique et libert\u00e9s du 6 janvier 1978, vous disposez d&rsquo;un droit d&rsquo;acc\u00e8s, de modification, de rectification et de suppression des donn\u00e9es qui vous concernent.<br>Pour l&rsquo;exercer, veuillez contacter SOLUTIONS BIOMETRIQUES ET LOGICIELS &#8211; 110 chemin de la p\u00e9pini\u00e8re &#8211; 74370 &#8211; PRINGY &#8211; France par courrier ou par Email \u00e0&nbsp;<a href=\"mailto:contact@sbl-info.fr\">contact@sbl-info.fr<\/a><br><br>Le site multiresa.net est \u00e9dit\u00e9 par la soci\u00e9t\u00e9 SOLUTIONS BIOMETRIQUES ET LOGICIELS SARL au capital de&nbsp; 5000 euros, immatricul\u00e9e au Registre du Commerce et des Soci\u00e9t\u00e9s d\u2019Annecy sous le num\u00e9ro SIRET : 490 320 397 00016 . Son si\u00e8ge social est sis 110 chemin de la p\u00e9pini\u00e8re &#8211; 74370 &#8211; PRINGY &#8211; France.<br><br>Vous pouvez nous contacter via notre site.<br><br><br>Nom et adresse de l&rsquo;h\u00e9bergeur&nbsp;:&nbsp;<br>o2switch<br>222-224 Boulevard Gustave Flaubert<br>63000 Clermont-Ferrand<\/p><div class=\"wp-block-group alignfull has-contrast-color has-text-color\" style=\"min-height:40vh;margin-top:0;margin-bottom:0;padding-top:var(--wp--preset--spacing--60);padding-right:var(--wp--preset--spacing--50);padding-bottom:var(--wp--preset--spacing--60);padding-left:var(--wp--preset--spacing--50)\">\n<p><!-- \/wp:paragraph --><\/p>\n<p><!-- wp:social-links {\"size\":\"has-normal-icon-size\",\"style\":{\"spacing\":{\"blockGap\":{\"top\":\"12px\",\"left\":\"12px\"}}},\"className\":\"is-style-logos-only\",\"layout\":{\"type\":\"flex\",\"flexWrap\":\"nowrap\"}} --><\/p>\n<ul class=\"wp-block-social-links has-normal-icon-size is-style-logos-only\"><!-- wp:social-link {\"url\":\"#\",\"service\":\"facebook\"} \/--><p><\/p>\n<p><!-- wp:social-link {\"url\":\"#\",\"service\":\"twitter\"} \/--><\/p>\n<p><!-- wp:social-link {\"url\":\"#\",\"service\":\"wordpress\"} \/--><\/p><\/ul>\n<p><!-- \/wp:social-links --><\/p><\/div>\n<p><!-- \/wp:group --><\/p>\t\t\t\t\t\t<\/div>\n\t\t\t\t<\/div>\n\t\t\t\t\t<\/div>\n\t\t<\/div>\n\t\t\t\t\t\t\t<\/div>\n\t\t<\/section>\n\t\t\t\t\t\t\t<\/div>\n\t\t","protected":false},"excerpt":{"rendered":"<p>RGPD PROTECTION DES DONNEES PERSONNELLES ET COOKIES SBL et DHORG ont pour ambition d\u2019\u00eatre une entreprise citoyenne exemplaire. Nous accordons une grande valeur \u00e0 l\u2019honn\u00eatet\u00e9 et \u00e0 la clart\u00e9 et avons \u00e0 c\u0153ur de construire avec nos clients des relations durables, fond\u00e9es sur la confiance et l\u2019int\u00e9r\u00eat mutuel. Conform\u00e9ment \u00e0 cette philosophie, la protection de [&hellip;]<\/p>\n","protected":false},"author":1,"featured_media":0,"parent":0,"menu_order":0,"comment_status":"closed","ping_status":"closed","template":"","meta":{"footnotes":""},"class_list":["post-16","page","type-page","status-publish","hentry","entry"],"_links":{"self":[{"href":"http:\/\/multiresa.net\/site\/wp-json\/wp\/v2\/pages\/16","targetHints":{"allow":["GET"]}}],"collection":[{"href":"http:\/\/multiresa.net\/site\/wp-json\/wp\/v2\/pages"}],"about":[{"href":"http:\/\/multiresa.net\/site\/wp-json\/wp\/v2\/types\/page"}],"author":[{"embeddable":true,"href":"http:\/\/multiresa.net\/site\/wp-json\/wp\/v2\/users\/1"}],"replies":[{"embeddable":true,"href":"http:\/\/multiresa.net\/site\/wp-json\/wp\/v2\/comments?post=16"}],"version-history":[{"count":7,"href":"http:\/\/multiresa.net\/site\/wp-json\/wp\/v2\/pages\/16\/revisions"}],"predecessor-version":[{"id":474,"href":"http:\/\/multiresa.net\/site\/wp-json\/wp\/v2\/pages\/16\/revisions\/474"}],"wp:attachment":[{"href":"http:\/\/multiresa.net\/site\/wp-json\/wp\/v2\/media?parent=16"}],"curies":[{"name":"wp","href":"https:\/\/api.w.org\/{rel}","templated":true}]}}